{"id":563,"date":"2023-07-25T10:55:11","date_gmt":"2023-07-25T10:55:11","guid":{"rendered":"http:\/\/mlekaranana.rs\/o-nama\/"},"modified":"2026-01-19T07:45:00","modified_gmt":"2026-01-19T07:45:00","slug":"o-nas","status":"publish","type":"page","link":"https:\/\/mlekaranana.rs\/sk\/o-nas\/","title":{"rendered":"O n\u00e1s"},"content":{"rendered":"<p>[vc_row][vc_column][vc_empty_space height=&#8220;30&#8243;][vc_column_text]<\/p>\n<h1>Mliekarensk\u00e1 farma Nana Kulpin<\/h1>\n<p>&nbsp;<\/p>\n<p>Mliekarensk\u00e1 farma bola zalo\u017een\u00e1 v roku 2019 s men\u0161\u00edm sortimentom v\u00fdrobkov, no so siln\u00fdm d\u00f4razom na kvalitu. U\u017e od sam\u00e9ho za\u010diatku sa vyzna\u010dovala vysokou \u00farov\u0148ou mlie\u010dnych v\u00fdrobkov nielen v Kulpine, ale aj v celej Vojvodine. Rozpoznate\u013enos\u0165 kulpinsk\u00e9ho jogurtu a kr\u00e9movej kyslej smotany bola nepopierate\u013en\u00e1.<\/p>\n<p>V roku 2022 farma pre\u0161la k nov\u00e9mu majite\u013eovi a spolu s t\u00fdm vznikol aj nov\u00fd n\u00e1zov, mliekarensk\u00e1 farma Nana. Napriek zmene n\u00e1zvu sme sa neodklonili od na\u0161ej misie, zachova\u0165 tradi\u010dn\u00fd sp\u00f4sob v\u00fdroby jogurtu a kyslej smotany pod\u013ea star\u00fdch recept\u00far, z plnotu\u010dn\u00e9ho mlieka bez odoberania smotany. Na\u0161\u00edm cie\u013eom bolo uchova\u0165 bohat\u00fa chu\u0165 minulosti, ktor\u00fa pozn\u00e1me z detstva, a dnes ju predstavi\u0165 na\u0161im de\u0165om aj \u0161irokej komunite.<\/p>\n<p>&nbsp;<\/p>\n<p style=\"font-size: 22px;\">Od svojho zalo\u017eenia sa na\u0161a mliekarensk\u00e1 farma usiluje pon\u00faka\u0165 mlie\u010dne v\u00fdrobky najvy\u0161\u0161ej kvality. Ka\u017ed\u00e1 etapa rozvoja v\u00fdroby bola starostlivo premyslen\u00e1 tak, aby sa zachovala autentickos\u0165 a plnos\u0165 chuti na\u0161ich produktov. Pou\u017e\u00edvame iba vybran\u00e9 mlieko a kvalitn\u00e9 suroviny a na\u0161i odborn\u00edci uplat\u0148uj\u00fa tradi\u010dn\u00e9 v\u00fdrobn\u00e9 met\u00f3dy s cie\u013eom dosiahnu\u0165 tie najlep\u0161ie v\u00fdsledky.<\/p>\n<p>Oddanos\u0165 kvalite a chuti mlie\u010dnych v\u00fdrobkov si r\u00fdchlo z\u00edskala pozornos\u0165 nielen miestnych z\u00e1kazn\u00edkov, ale aj \u0161ir\u0161ej verejnosti. V\u010faka jedine\u010dn\u00e9mu pr\u00edstupu k v\u00fdrobe sa n\u00e1m podarilo vybudova\u0165 loj\u00e1lnu z\u00e1klad\u0148u z\u00e1kazn\u00edkov, ktor\u00ed si v\u00e1\u017eia kvalitu na\u0161ich v\u00fdrobkov. Kulpinsk\u00fd jogurt a kr\u00e9mov\u00e1 kysl\u00e1 smotana z mliekarenskej farmy Nana sa stali neoddelite\u013enou s\u00fa\u010das\u0165ou stravovania mnoh\u00fdch rod\u00edn v regi\u00f3ne.[\/vc_column_text][vc_empty_space height=&#8220;60&#8243;][\/vc_column][\/vc_row][vc_row full_width=&#8220;stretch_row&#8220; bg_type=&#8220;image&#8220; parallax_style=&#8220;vcpb-default&#8220; bg_image_new=&#8220;id^118|url^http:\/\/mlekaranana.rs\/wp-content\/uploads\/2023\/07\/poyadina-7.jpg|caption^null|alt^null|title^poyadina|description^null&#8220; bg_image_repeat=&#8220;no-repeat&#8220;][vc_column css=&#8220;.vc_custom_1739051690143{padding-top: 30px !important;padding-right: 30px !important;padding-bottom: 30px !important;padding-left: 30px !important;}&#8220;][vc_column_text]<\/p>\n<h2>Kulpinsk\u00e1 trad\u00edcia<\/h2>\n<p>&nbsp;<\/p>\n<p>Kulpin je miesto s bohatou hist\u00f3riou a kult\u00farou a my sa usilujeme sta\u0165 d\u00f4stojnou s\u00fa\u010das\u0165ou tohto dedi\u010dstva. V samom srdci Kulpina sa nach\u00e1dza n\u00e1dhern\u00fd ka\u0161tie\u013e rodiny Dun\u0111erski, symbol bohatstva, luxusu a elegancie. In\u0161pirovan\u00e1 t\u00fdmto dedi\u010dstvom sa mliekarensk\u00e1 farma Nana sna\u017e\u00ed vr\u00e1ti\u0165 Kulpinu jeho niekdaj\u0161iu sl\u00e1vu a trad\u00edcie, nielen ako asoci\u00e1ciu s ka\u0161tie\u013eom Dun\u0111erski, ale aj ako symbol kvalitn\u00fdch potrav\u00edn, predov\u0161etk\u00fdm mlie\u010dnych v\u00fdrobkov.<\/p>\n<p>Pou\u017e\u00edvan\u00edm tradi\u010dn\u00fdch v\u00fdrobn\u00fdch met\u00f3d mliekarensk\u00e1 farma Nana o\u017eivuje autentickos\u0165 a v\u00f4ne minul\u00fdch \u010dias. S hrdos\u0165ou pou\u017e\u00edvame vybran\u00e9 plnotu\u010dn\u00e9 mlieko bez odoberania smotany a vytv\u00e1rame v\u00fdrobky, ktor\u00e9 n\u00e1s pren\u00e1\u0161aj\u00fa do obdobia, ke\u010f bola kvalita bezpodmiene\u010dnou prioritou. N\u00e1\u0161 nov\u00fd sortiment, ktor\u00fd zah\u0155\u0148a jogurt, kysl\u00fa smotanu, zrnit\u00fd tvaroh, mlad\u00fd kajmak, mileram a pl\u00e1tok syra, sa st\u00e1va s\u00fa\u010das\u0165ou kult\u00farnej a gastronomickej identity Kulpina.<\/p>\n<p>Mliekarensk\u00e1 farma Nana sa neopiera len o trad\u00edcie, ale s istotou sa pozer\u00e1 aj do bud\u00facnosti. Ka\u017ed\u00fdm d\u0148om zdokona\u013eujeme v\u00fdrobu, sk\u00famame nov\u00e9 techniky a technol\u00f3gie, aby sme naplnili vysok\u00e9 \u0161tandardy kvality a chuti. Na\u0161a v\u00e1\u0161e\u0148 a oddanos\u0165 s\u00fa z\u00e1kladom, na ktorom budujeme bud\u00facnos\u0165 mliekarenskej farmy Nana v Kulpine.[\/vc_column_text][vc_column_text]<strong>Na\u0161\u00edm cie\u013eom<\/strong> je, aby boli na\u0161e v\u00fdrobky rozpoznate\u013en\u00e9 nielen v Kulpine, ale v celom regi\u00f3ne ako mlie\u010dne v\u00fdrobky najvy\u0161\u0161ej kvality. Chceme, aby ka\u017ed\u00fd, kto si vychutn\u00e1va n\u00e1\u0161 jogurt, kysl\u00fa smotanu, syr alebo in\u00e9 v\u00fdrobky mliekarenskej farmy Nana, c\u00edtil autentickos\u0165, \u010derstvos\u0165 a plnos\u0165 chuti, ktor\u00e9 n\u00e1s odli\u0161uj\u00fa od ostatn\u00fdch.<\/p>\n<p><strong>Sme presved\u010den\u00ed, \u017ee kvalita stravovania by nemala by\u0165 predmetom kompromisu<\/strong>, preto starostlivo vyber\u00e1me suroviny a uplat\u0148ujeme najvy\u0161\u0161ie \u0161tandardy vo v\u0161etk\u00fdch f\u00e1zach v\u00fdroby. Ka\u017ed\u00fd k\u00fasok na\u0161ich v\u00fdrobkov prin\u00e1\u0161a skuto\u010dn\u00fd gastronomick\u00fd p\u00f4\u017eitok a preb\u00fadza spomienky na \u010dasy, ke\u010f boli mlie\u010dne produkty etal\u00f3nom chuti a neoddelite\u013enou s\u00fa\u010das\u0165ou ka\u017edodenn\u00e9ho \u017eivota.<\/p>\n<p style=\"font-size: 22px;\">S hrdos\u0165ou vytv\u00e1rame most medzi minulos\u0165ou a bud\u00facnos\u0165ou, zachov\u00e1vame tradi\u010dn\u00e9 v\u00fdrobn\u00e9 postupy a z\u00e1rove\u0148 zav\u00e1dzame inov\u00e1cie, ktor\u00e9 n\u00e1s pos\u00favaj\u00fa vpred.<\/p>\n<p>V mliekarenskej farme Nana sa usilujeme o to, aby bol ka\u017ed\u00fd n\u00e1\u0161 v\u00fdrobok symbolom kvality, chuti a dedi\u010dstva, ktor\u00e9 s \u00factou uchov\u00e1vame.[\/vc_column_text][\/vc_column][\/vc_row]<\/p>\n","protected":false},"excerpt":{"rendered":"<p>[vc_row][vc_column][vc_empty_space height=&#8220;30&#8243;][vc_column_text] Mliekarensk\u00e1 farma Nana Kulpin &nbsp; Mliekarensk\u00e1 farma bola zalo\u017een\u00e1 v roku 2019 s men\u0161\u00edm sortimentom v\u00fdrobkov, no so siln\u00fdm d\u00f4razom na kvalitu. U\u017e od sam\u00e9ho za\u010diatku sa vyzna\u010dovala vysokou \u00farov\u0148ou mlie\u010dnych v\u00fdrobkov nielen v Kulpine, ale aj v celej Vojvodine. Rozpoznate\u013enos\u0165 kulpinsk\u00e9ho jogurtu a kr\u00e9movej kyslej smotany bola nepopierate\u013en\u00e1. V roku 2022 farma&hellip;<\/p>\n","protected":false},"author":1,"featured_media":0,"parent":0,"menu_order":0,"comment_status":"closed","ping_status":"closed","template":"","meta":{"footnotes":""},"class_list":["post-563","page","type-page","status-publish","hentry","description-off"],"_links":{"self":[{"href":"https:\/\/mlekaranana.rs\/sk\/wp-json\/wp\/v2\/pages\/563","targetHints":{"allow":["GET"]}}],"collection":[{"href":"https:\/\/mlekaranana.rs\/sk\/wp-json\/wp\/v2\/pages"}],"about":[{"href":"https:\/\/mlekaranana.rs\/sk\/wp-json\/wp\/v2\/types\/page"}],"author":[{"embeddable":true,"href":"https:\/\/mlekaranana.rs\/sk\/wp-json\/wp\/v2\/users\/1"}],"replies":[{"embeddable":true,"href":"https:\/\/mlekaranana.rs\/sk\/wp-json\/wp\/v2\/comments?post=563"}],"version-history":[{"count":4,"href":"https:\/\/mlekaranana.rs\/sk\/wp-json\/wp\/v2\/pages\/563\/revisions"}],"predecessor-version":[{"id":569,"href":"https:\/\/mlekaranana.rs\/sk\/wp-json\/wp\/v2\/pages\/563\/revisions\/569"}],"wp:attachment":[{"href":"https:\/\/mlekaranana.rs\/sk\/wp-json\/wp\/v2\/media?parent=563"}],"curies":[{"name":"wp","href":"https:\/\/api.w.org\/{rel}","templated":true}]}}