{"id":551,"date":"2023-07-27T12:45:37","date_gmt":"2023-07-27T12:45:37","guid":{"rendered":"http:\/\/mlekaranana.rs\/kontakt\/"},"modified":"2026-01-19T07:26:04","modified_gmt":"2026-01-19T07:26:04","slug":"kontakt","status":"publish","type":"page","link":"https:\/\/mlekaranana.rs\/sk\/kontakt\/","title":{"rendered":"Kontakt"},"content":{"rendered":"<p>[vc_row full_width=&#8220;stretch_row_content_no_spaces&#8220;][vc_column][vc_gmaps link=&#8220;#E-8_JTNDaWZyYW1lJTIwc3JjJTNEJTIyaHR0cHMlM0ElMkYlMkZ3d3cuZ29vZ2xlLmNvbSUyRm1hcHMlMkZlbWJlZCUzRnBiJTNEJTIxMW0xNyUyMTFtMTIlMjExbTMlMjExZDI4MDEuMjM0Njc5OTcwOTc0NCUyMTJkMTkuNTkwODQ5JTIxM2Q0NS40MDQ2MDclMjEybTMlMjExZjAlMjEyZjAlMjEzZjAlMjEzbTIlMjExaTEwMjQlMjEyaTc2OCUyMTRmMTMuMSUyMTNtMiUyMTFtMSUyMTJ6TkRYQ3NESTBKekUyTGpZaVRpQXhPY0t3TXpVbk1qY3VNU0pGJTIxNWUwJTIxM20yJTIxMXNzciUyMTJzcnMlMjE0djE2OTA5NzU5Njg1MjglMjE1bTIlMjExc3NyJTIxMnNycyUyMiUyMHdpZHRoJTNEJTIyNjAwJTIyJTIwaGVpZ2h0JTNEJTIyNDUwJTIyJTIwc3R5bGUlM0QlMjJib3JkZXIlM0EwJTNCJTIyJTIwYWxsb3dmdWxsc2NyZWVuJTNEJTIyJTIyJTIwbG9hZGluZyUzRCUyMmxhenklMjIlMjByZWZlcnJlcnBvbGljeSUzRCUyMm5vLXJlZmVycmVyLXdoZW4tZG93bmdyYWRlJTIyJTNFJTNDJTJGaWZyYW1lJTNF&#8220; size=&#8220;350&#8243;][\/vc_column][\/vc_row][vc_row][vc_column width=&#8220;2\/3&#8243; css=&#8220;.vc_custom_1684955722505{margin-top: -30px !important;}&#8220;][vc_column_text css=&#8220;.vc_custom_1768807561879{margin-top: -50px !important;padding-top: 15px !important;padding-right: 15px !important;padding-bottom: 15px !important;padding-left: 15px !important;background-color: #1e732c !important;}&#8220;]<\/p>\n<h3 style=\"text-align: left;\"><span style=\"color: #ffffff;\">KONTAKTN\u00c9 INFORM\u00c1CIE\u00a0&#8211; Mliekare\u0148 Nana<br \/>\n<\/span><\/h3>\n<p>[\/vc_column_text][vc_empty_space height=&#8220;40&#8243;][\/vc_column][vc_column width=&#8220;1\/3&#8243;][\/vc_column][\/vc_row][vc_row full_width=&#8220;stretch_row&#8220;][vc_column width=&#8220;1\/2&#8243;][vc_row_inner][vc_column_inner width=&#8220;1\/6&#8243;]<div class=\"ult-just-icon-wrapper  \"><div class=\"align-icon\" style=\"text-align:left;\">\n<div class=\"aio-icon square \"  style=\"color:#333;background:#efefef;font-size:25px;\">\n\t<i class=\"icomoon-the7-font-the7-map-05\"><\/i>\n<\/div><\/div><\/div>[\/vc_column_inner][vc_column_inner width=&#8220;5\/6&#8243;][vc_column_text]Mliekare\u0148 Nana sa nach\u00e1dza na adrese <strong>Put Slobode 2<\/strong>, vo vojvodinskej obci Kulpin, v Srbsku.<\/p>\n<p>Kulpin je men\u0161ie mesto ne\u010faleko Nov\u00e9ho Sadu a nach\u00e1dza sa presnej\u0161ie medzi B\u00e1\u010dskym Petrovcom a Ravnim Selom.[\/vc_column_text][\/vc_column_inner][\/vc_row_inner][vc_empty_space height=&#8220;20&#8243;][vc_row_inner][vc_column_inner width=&#8220;1\/6&#8243;]<div class=\"ult-just-icon-wrapper  \"><div class=\"align-icon\" style=\"text-align:left;\">\n<div class=\"aio-icon square \"  style=\"color:#333;background:#efefef;font-size:25px;\">\n\t<i class=\"icomoon-the7-font-the7-phone-03\"><\/i>\n<\/div><\/div><\/div>[\/vc_column_inner][vc_column_inner width=&#8220;5\/6&#8243;][vc_column_text]Ak m\u00e1te ak\u00e9ko\u013evek ot\u00e1zky, pripomienky alebo sa chcete dozvedie\u0165 viac o na\u0161ich mlie\u010dnych v\u00fdrobkoch, nev\u00e1hajte n\u00e1s kontaktova\u0165. N\u00e1\u0161 priate\u013esk\u00fd a odborn\u00fd t\u00edm je pripraven\u00fd poskytn\u00fa\u0165 v\u00e1m inform\u00e1cie a pomoc.<\/p>\n<p>M\u00f4\u017eete n\u00e1m zavola\u0165 na \u010d\u00edslo <strong>+381 64 217 2069<\/strong> a hovori\u0165 priamo s na\u0161\u00edm z\u00e1stupcom.[\/vc_column_text][\/vc_column_inner][\/vc_row_inner][vc_row_inner][vc_column_inner width=&#8220;1\/6&#8243;]<div class=\"ult-just-icon-wrapper  \"><div class=\"align-icon\" style=\"text-align:left;\">\n<div class=\"aio-icon square \"  style=\"color:#333;background:#efefef;font-size:25px;\">\n\t<i class=\"icomoon-the7-font-the7-mail-mail-06\"><\/i>\n<\/div><\/div><\/div>[\/vc_column_inner][vc_column_inner width=&#8220;5\/6&#8243;][vc_column_text]Taktie\u017e n\u00e1m m\u00f4\u017eete nap\u00edsa\u0165 email na adresu <strong>info@mlekaranana.rs<\/strong> a radi odpovieme na v\u0161etky va\u0161e ot\u00e1zky.[\/vc_column_text][\/vc_column_inner][\/vc_row_inner][vc_empty_space height=&#8220;20&#8243;][\/vc_column][vc_column width=&#8220;1\/2&#8243;][vc_row_inner][vc_column_inner width=&#8220;1\/6&#8243;]<div class=\"ult-just-icon-wrapper  \"><div class=\"align-icon\" style=\"text-align:left;\">\n<div class=\"aio-icon square \"  style=\"color:#333;background:#efefef;font-size:25px;\">\n\t<i class=\"icomoon-the7-font-the7-clock-03\"><\/i>\n<\/div><\/div><\/div>[\/vc_column_inner][vc_column_inner width=&#8220;5\/6&#8243;][vc_column_text]<\/p>\n<h2>Pracovn\u00fd \u010das Kulpinskej mliekarne Nana<\/h2>\n<p>Na\u0161a mliekare\u0148 je otvoren\u00e1 <strong>od pondelka do piatka<\/strong> od <strong>8:00<\/strong> do <strong>14:00<\/strong>.<br \/>\nV sobotu od <strong>8:00<\/strong> do <strong>11:00<\/strong>.<br \/>\nV nede\u013eu sme <strong>zatvoren\u00ed<\/strong>.[\/vc_column_text][\/vc_column_inner][\/vc_row_inner][vc_empty_space height=&#8220;20&#8243;][vc_row_inner][vc_column_inner width=&#8220;1\/6&#8243;]<div class=\"ult-just-icon-wrapper  \"><div class=\"align-icon\" style=\"text-align:left;\">\n<div class=\"aio-icon square \"  style=\"color:#333;background:#efefef;font-size:25px;\">\n\t<i class=\"icomoon-the7-font-the7-home-021\"><\/i>\n<\/div><\/div><\/div>[\/vc_column_inner][vc_column_inner width=&#8220;5\/6&#8243;][vc_column_text]\u010eakujeme v\u00e1m za v\u00e1\u0161 z\u00e1ujem a poz\u00fdvame v\u00e1s nav\u0161t\u00edvi\u0165 mliekare\u0148 Nana v Kulpine a za\u017ei\u0165 chu\u0165 tradi\u010dne vyr\u00e1ban\u00fdch mlie\u010dnych v\u00fdrobkov.<\/p>\n<p><strong>PIB<\/strong>: 111590762<br \/>\n<strong>MB<\/strong>: 21506796[\/vc_column_text][\/vc_column_inner][\/vc_row_inner][\/vc_column][\/vc_row][vc_row][vc_column][vc_empty_space height=&#8220;40&#8243;][\/vc_column][\/vc_row]<\/p>\n","protected":false},"excerpt":{"rendered":"<p>[vc_row full_width=&#8220;stretch_row_content_no_spaces&#8220;][vc_column][vc_gmaps link=&#8220;#E-8_JTNDaWZyYW1lJTIwc3JjJTNEJTIyaHR0cHMlM0ElMkYlMkZ3d3cuZ29vZ2xlLmNvbSUyRm1hcHMlMkZlbWJlZCUzRnBiJTNEJTIxMW0xNyUyMTFtMTIlMjExbTMlMjExZDI4MDEuMjM0Njc5OTcwOTc0NCUyMTJkMTkuNTkwODQ5JTIxM2Q0NS40MDQ2MDclMjEybTMlMjExZjAlMjEyZjAlMjEzZjAlMjEzbTIlMjExaTEwMjQlMjEyaTc2OCUyMTRmMTMuMSUyMTNtMiUyMTFtMSUyMTJ6TkRYQ3NESTBKekUyTGpZaVRpQXhPY0t3TXpVbk1qY3VNU0pGJTIxNWUwJTIxM20yJTIxMXNzciUyMTJzcnMlMjE0djE2OTA5NzU5Njg1MjglMjE1bTIlMjExc3NyJTIxMnNycyUyMiUyMHdpZHRoJTNEJTIyNjAwJTIyJTIwaGVpZ2h0JTNEJTIyNDUwJTIyJTIwc3R5bGUlM0QlMjJib3JkZXIlM0EwJTNCJTIyJTIwYWxsb3dmdWxsc2NyZWVuJTNEJTIyJTIyJTIwbG9hZGluZyUzRCUyMmxhenklMjIlMjByZWZlcnJlcnBvbGljeSUzRCUyMm5vLXJlZmVycmVyLXdoZW4tZG93bmdyYWRlJTIyJTNFJTNDJTJGaWZyYW1lJTNF&#8220; size=&#8220;350&#8243;][\/vc_column][\/vc_row][vc_row][vc_column width=&#8220;2\/3&#8243; css=&#8220;.vc_custom_1684955722505{margin-top: -30px !important;}&#8220;][vc_column_text css=&#8220;.vc_custom_1768807561879{margin-top: -50px !important;padding-top: 15px !important;padding-right: 15px !important;padding-bottom: 15px !important;padding-left: 15px !important;background-color: #1e732c !important;}&#8220;] KONTAKTN\u00c9 INFORM\u00c1CIE\u00a0&#8211; Mliekare\u0148 Nana [\/vc_column_text][vc_empty_space height=&#8220;40&#8243;][\/vc_column][vc_column width=&#8220;1\/3&#8243;][\/vc_column][\/vc_row][vc_row full_width=&#8220;stretch_row&#8220;][vc_column width=&#8220;1\/2&#8243;][vc_row_inner][vc_column_inner width=&#8220;1\/6&#8243;][\/vc_column_inner][vc_column_inner width=&#8220;5\/6&#8243;][vc_column_text]Mliekare\u0148 Nana sa nach\u00e1dza na adrese Put Slobode 2, vo vojvodinskej obci Kulpin, v Srbsku. Kulpin je men\u0161ie mesto ne\u010faleko Nov\u00e9ho Sadu a nach\u00e1dza&hellip;<\/p>\n","protected":false},"author":1,"featured_media":0,"parent":0,"menu_order":0,"comment_status":"closed","ping_status":"closed","template":"","meta":{"footnotes":""},"class_list":["post-551","page","type-page","status-publish","hentry","description-off"],"_links":{"self":[{"href":"https:\/\/mlekaranana.rs\/sk\/wp-json\/wp\/v2\/pages\/551","targetHints":{"allow":["GET"]}}],"collection":[{"href":"https:\/\/mlekaranana.rs\/sk\/wp-json\/wp\/v2\/pages"}],"about":[{"href":"https:\/\/mlekaranana.rs\/sk\/wp-json\/wp\/v2\/types\/page"}],"author":[{"embeddable":true,"href":"https:\/\/mlekaranana.rs\/sk\/wp-json\/wp\/v2\/users\/1"}],"replies":[{"embeddable":true,"href":"https:\/\/mlekaranana.rs\/sk\/wp-json\/wp\/v2\/comments?post=551"}],"version-history":[{"count":4,"href":"https:\/\/mlekaranana.rs\/sk\/wp-json\/wp\/v2\/pages\/551\/revisions"}],"predecessor-version":[{"id":561,"href":"https:\/\/mlekaranana.rs\/sk\/wp-json\/wp\/v2\/pages\/551\/revisions\/561"}],"wp:attachment":[{"href":"https:\/\/mlekaranana.rs\/sk\/wp-json\/wp\/v2\/media?parent=551"}],"curies":[{"name":"wp","href":"https:\/\/api.w.org\/{rel}","templated":true}]}}