{"id":514,"date":"2023-07-25T10:55:28","date_gmt":"2023-07-25T10:55:28","guid":{"rendered":"http:\/\/mlekaranana.rs\/sitan-sir\/"},"modified":"2026-01-19T08:32:17","modified_gmt":"2026-01-19T08:32:17","slug":"zrnity-tvaroh","status":"publish","type":"page","link":"https:\/\/mlekaranana.rs\/sk\/zrnity-tvaroh\/","title":{"rendered":"Zrnit\u00fd tvaroh"},"content":{"rendered":"<p>[vc_row full_width=&#8220;stretch_row_content_no_spaces&#8220;][vc_column][vc_column_text]<img loading=\"lazy\" decoding=\"async\" class=\"aligncenter wp-image-157 size-full\" src=\"http:\/\/mlekaranana.rs\/wp-content\/uploads\/2023\/07\/sitan-sir.jpg\" alt=\"\" width=\"1920\" height=\"800\" srcset=\"https:\/\/mlekaranana.rs\/wp-content\/uploads\/2023\/07\/sitan-sir.jpg 1920w, https:\/\/mlekaranana.rs\/wp-content\/uploads\/2023\/07\/sitan-sir-300x125.jpg 300w, https:\/\/mlekaranana.rs\/wp-content\/uploads\/2023\/07\/sitan-sir-1024x427.jpg 1024w, https:\/\/mlekaranana.rs\/wp-content\/uploads\/2023\/07\/sitan-sir-768x320.jpg 768w, https:\/\/mlekaranana.rs\/wp-content\/uploads\/2023\/07\/sitan-sir-1536x640.jpg 1536w\" sizes=\"auto, (max-width: 1920px) 100vw, 1920px\" \/>[\/vc_column_text][\/vc_column][\/vc_row][vc_row bg_type=&#8220;image&#8220; parallax_style=&#8220;vcpb-default&#8220; bg_image_new=&#8220;id^101|url^http:\/\/mlekaranana.rs\/wp-content\/uploads\/2023\/07\/poyadina-4.jpg|caption^null|alt^null|title^poyadina|description^null&#8220; bg_image_repeat=&#8220;no-repeat&#8220;][vc_column][vc_column_text]<\/p>\n<h1>Zrnit\u00fd tvaroh<\/h1>\n<p>[\/vc_column_text][vc_column_text css=&#8220;.vc_custom_1768811532843{padding-top: 20px !important;padding-bottom: 20px !important;}&#8220;]Zrnit\u00fd tvaroh \u201eKulpinka\u201c predstavuje vynikaj\u00faci mlie\u010dny v\u00fdrobok a je d\u00f4le\u017eitou s\u00fa\u010das\u0165ou zdravej v\u00fd\u017eivy bohatej na \u017eiviny. V\u010faka vysok\u00e9mu obsahu bielkov\u00edn, mlie\u010dnych tukov a \u010fal\u0161\u00edch nutri\u010dn\u00fdch l\u00e1tok tento chutn\u00fd produkt poskytuje telu potrebn\u00e9 prvky na udr\u017eanie zdravia a \u017eivotnej energie. Jeho vysok\u00e1 v\u00fd\u017eivov\u00e1 hodnota a charakteristick\u00e1 chu\u0165 z neho robia ob\u013e\u00faben\u00fa poch\u00fa\u0165ku aj u\u017eito\u010dn\u00fd doplnok k r\u00f4znym jedl\u00e1m.<\/p>\n<p>&nbsp;<\/p>\n<p style=\"font-size: 22px;\">Zrnit\u00fd tvaroh \u201eKulpinka\u201c sa vyr\u00e1ba procesom ferment\u00e1cie mlieka s pou\u017eit\u00edm bakt\u00e9ri\u00ed mlie\u010dneho kvasenia. Po\u010das tohto procesu mlieko zhustne a z\u00edska zrnit\u00fa \u0161trukt\u00faru, pri\u010dom sa oddel\u00ed srv\u00e1tka, \u010d\u00edm vznikne s\u00fdty v\u00fdrobok belavej farby. Charakteristick\u00e1 ar\u00f3ma a jemn\u00e1, pr\u00edjemn\u00e1 chu\u0165 robia tento tvaroh skuto\u010dne jedine\u010dn\u00fdm vo svojej kateg\u00f3rii.<\/p>\n<p>&nbsp;<\/p>\n<p><img loading=\"lazy\" decoding=\"async\" class=\"wp-image-148 size-medium alignright\" src=\"http:\/\/mlekaranana.rs\/wp-content\/uploads\/2023\/07\/domaci-sitan-sir-300x300.jpg\" alt=\"\" width=\"300\" height=\"300\" srcset=\"https:\/\/mlekaranana.rs\/wp-content\/uploads\/2023\/07\/domaci-sitan-sir-300x300.jpg 300w, https:\/\/mlekaranana.rs\/wp-content\/uploads\/2023\/07\/domaci-sitan-sir-150x150.jpg 150w, https:\/\/mlekaranana.rs\/wp-content\/uploads\/2023\/07\/domaci-sitan-sir.jpg 600w\" sizes=\"auto, (max-width: 300px) 100vw, 300px\" \/>Mliekarensk\u00e1 farma Nana pri v\u00fdrobe zrnit\u00e9ho tvarohu pou\u017e\u00edva plnotu\u010dn\u00e9 mlieko, \u010do zabezpe\u010duje vysok\u00fa kvalitu v\u00fdrobku. Tento tvaroh je mimoriadne bohat\u00fd na bielkoviny, ktor\u00e9 maj\u00fa k\u013e\u00fa\u010dov\u00fd v\u00fdznam pre rast a v\u00fdvoj organizmu, udr\u017eiavanie svalovej hmoty a spr\u00e1vne fungovanie imunitn\u00e9ho syst\u00e9mu. Z h\u013eadiska potrav\u00edn patr\u00ed zrnit\u00fd tvaroh hne\u010f po vaje\u010dnom bielku medzi najcennej\u0161ie zdroje bielkov\u00edn.<\/p>\n<p><strong>Priemern\u00e1 v\u00fd\u017eivov\u00e1 hodnota na 100 gramov dom\u00e1ceho zrnit\u00e9ho tvarohu \u201eKulpinka\u201c jasne ukazuje jeho vysok\u00fa nutri\u010dn\u00fa hodnotu:<br \/>\n<\/strong><\/p>\n<ul>\n<li><strong>Energetick\u00e1 hodnota<\/strong>: 331 kJ \/ 76 kcal<\/li>\n<li><strong>Bielkoviny<\/strong>: 12,6 g<\/li>\n<li><strong>Mlie\u010dny tuk<\/strong>: 0,2 g<\/li>\n<li><strong>Sacharidy<\/strong>: 6,4 g<\/li>\n<li><strong>So\u013e<\/strong>: 0,3 g<\/li>\n<\/ul>\n<p>Tak\u00e1to vyv\u00e1\u017een\u00e1 kombin\u00e1cia v\u00fd\u017eivn\u00fdch l\u00e1tok rob\u00ed zrnit\u00fd tvaroh ide\u00e1lnym produktom pre \u013eud\u00ed v\u0161etk\u00fdch vekov\u00fdch kateg\u00f3ri\u00ed. \u013dahko sa vstreb\u00e1va, v\u010faka \u010domu je vhodn\u00fd aj pre osoby s citliv\u00fdm tr\u00e1ven\u00edm, ako aj pre deti a seniorov.<\/p>\n<p>Okrem toho, \u017ee je zrnit\u00fd tvaroh \u201eKulpinka\u201c v\u00fdborn\u00fd na konzum\u00e1ciu samostatne, mo\u017eno ho vyu\u017ei\u0165 aj ako zdrav\u00fd a v\u00fd\u017eivn\u00fd doplnok k r\u00f4znym jedl\u00e1m. Skvele sa hod\u00ed do \u0161al\u00e1tov, sendvi\u010dov, cestov\u00edn, omeliet a mnoh\u00fdch \u010fal\u0161\u00edch receptov, ktor\u00fdm dod\u00e1va osobitn\u00fa chu\u0165 a zvy\u0161uje ich v\u00fd\u017eivov\u00fa hodnotu. Ak h\u013ead\u00e1te osvie\u017euj\u00facu desiatu, zrnit\u00fd tvaroh je v\u00fdbornou vo\u013ebou na r\u00fdchle a chutn\u00e9 jedlo.<\/p>\n<p>&nbsp;<\/p>\n<p style=\"font-size: 22px;\">Mliekarensk\u00e1 farma Nana je symbolom trad\u00edcie a oddanosti kvalite, preto sa v\u00fdroba zrnit\u00e9ho tvarohu Kulpinka realizuje s mimoriadnou starostlivos\u0165ou, aby ka\u017ed\u00e9 balenie sp\u013a\u0148alo tie najvy\u0161\u0161ie \u0161tandardy. V\u0161etci milovn\u00edci kvalitn\u00fdch potrav\u00edn a zdrav\u00e9ho \u017eivotn\u00e9ho \u0161t\u00fdlu si m\u00f4\u017eu s plnou d\u00f4verou vychutna\u0165 tento vysokokvalitn\u00fd mlie\u010dny v\u00fdrobok.<\/p>\n<p>&nbsp;<\/p>\n<p>V\u010faka dlhoro\u010dn\u00fdm sk\u00fasenostiam a profesionalite vytvorila mliekarensk\u00e1 farma \u201eNana\u201c zrnit\u00fd tvaroh \u201eKulpinka\u201c, ktor\u00fd si z\u00edskava priaze\u0148 svojou autentickos\u0165ou a bohatou chu\u0165ou. Jeho prospe\u0161n\u00e9 a chu\u0165ov\u00e9 vlastnosti z neho robia ob\u013e\u00faben\u00fa vo\u013ebu mnoh\u00fdch spotrebite\u013eov a vysok\u00e1 v\u00fd\u017eivov\u00e1 hodnota prispieva k udr\u017eiavaniu \u017eivotnej energie a vitality organizmu.<\/p>\n<p>Okrem zrnit\u00e9ho tvarohu vyr\u00e1ba Kulpinsk\u00e1 mliekarensk\u00e1 farma \u201eNana\u201c aj <a href=\"http:\/\/mlekaranana.rs\/sk\/platok-syra\/\" target=\"_blank\" rel=\"noopener\">pl\u00e1tky syra<\/a>, <a href=\"http:\/\/mlekaranana.rs\/sk\/kackavalj\/\" target=\"_blank\" rel=\"noopener\">ka\u010dkavalj<\/a>, <a href=\"http:\/\/mlekaranana.rs\/sk\/kajmak\/\" target=\"_blank\" rel=\"noopener\">kajmak<\/a>, <a href=\"http:\/\/mlekaranana.rs\/sk\/jogurt\/\" target=\"_blank\" rel=\"noopener\">jogurt<\/a>, <a href=\"http:\/\/mlekaranana.rs\/sk\/kysle-mlieko\/\" target=\"_blank\" rel=\"noopener\">kysl\u00e9 mlieko<\/a>, <a href=\"http:\/\/mlekaranana.rs\/sk\/mileram\/\" target=\"_blank\" rel=\"noopener\">mileram<\/a> a <a href=\"http:\/\/mlekaranana.rs\/sk\/kysla-smotana\/\" target=\"_blank\" rel=\"noopener\">kysl\u00fa smotanu<\/a>.[\/vc_column_text][\/vc_column][\/vc_row]<\/p>\n","protected":false},"excerpt":{"rendered":"<p>[vc_row full_width=&#8220;stretch_row_content_no_spaces&#8220;][vc_column][vc_column_text][\/vc_column_text][\/vc_column][\/vc_row][vc_row bg_type=&#8220;image&#8220; parallax_style=&#8220;vcpb-default&#8220; bg_image_new=&#8220;id^101|url^http:\/\/mlekaranana.rs\/wp-content\/uploads\/2023\/07\/poyadina-4.jpg|caption^null|alt^null|title^poyadina|description^null&#8220; bg_image_repeat=&#8220;no-repeat&#8220;][vc_column][vc_column_text] Zrnit\u00fd tvaroh [\/vc_column_text][vc_column_text css=&#8220;.vc_custom_1768811532843{padding-top: 20px !important;padding-bottom: 20px !important;}&#8220;]Zrnit\u00fd tvaroh \u201eKulpinka\u201c predstavuje vynikaj\u00faci mlie\u010dny v\u00fdrobok a je d\u00f4le\u017eitou s\u00fa\u010das\u0165ou zdravej v\u00fd\u017eivy bohatej na \u017eiviny. V\u010faka vysok\u00e9mu obsahu bielkov\u00edn, mlie\u010dnych tukov a \u010fal\u0161\u00edch nutri\u010dn\u00fdch l\u00e1tok tento chutn\u00fd produkt poskytuje telu potrebn\u00e9 prvky na udr\u017eanie zdravia a \u017eivotnej energie. Jeho vysok\u00e1 v\u00fd\u017eivov\u00e1&hellip;<\/p>\n","protected":false},"author":1,"featured_media":0,"parent":0,"menu_order":0,"comment_status":"closed","ping_status":"closed","template":"","meta":{"footnotes":""},"class_list":["post-514","page","type-page","status-publish","hentry","description-off"],"_links":{"self":[{"href":"https:\/\/mlekaranana.rs\/sk\/wp-json\/wp\/v2\/pages\/514","targetHints":{"allow":["GET"]}}],"collection":[{"href":"https:\/\/mlekaranana.rs\/sk\/wp-json\/wp\/v2\/pages"}],"about":[{"href":"https:\/\/mlekaranana.rs\/sk\/wp-json\/wp\/v2\/types\/page"}],"author":[{"embeddable":true,"href":"https:\/\/mlekaranana.rs\/sk\/wp-json\/wp\/v2\/users\/1"}],"replies":[{"embeddable":true,"href":"https:\/\/mlekaranana.rs\/sk\/wp-json\/wp\/v2\/comments?post=514"}],"version-history":[{"count":4,"href":"https:\/\/mlekaranana.rs\/sk\/wp-json\/wp\/v2\/pages\/514\/revisions"}],"predecessor-version":[{"id":588,"href":"https:\/\/mlekaranana.rs\/sk\/wp-json\/wp\/v2\/pages\/514\/revisions\/588"}],"wp:attachment":[{"href":"https:\/\/mlekaranana.rs\/sk\/wp-json\/wp\/v2\/media?parent=514"}],"curies":[{"name":"wp","href":"https:\/\/api.w.org\/{rel}","templated":true}]}}