{"id":507,"date":"2023-07-27T10:49:59","date_gmt":"2023-07-27T10:49:59","guid":{"rendered":"http:\/\/mlekaranana.rs\/kiselo-mleko\/"},"modified":"2026-01-19T08:27:27","modified_gmt":"2026-01-19T08:27:27","slug":"kysle-mlieko","status":"publish","type":"page","link":"https:\/\/mlekaranana.rs\/sk\/kysle-mlieko\/","title":{"rendered":"Kysl\u00e9 mlieko"},"content":{"rendered":"<p>[vc_row full_width=&#8220;stretch_row_content_no_spaces&#8220;][vc_column][vc_column_text]<img loading=\"lazy\" decoding=\"async\" class=\"aligncenter wp-image-112 size-full\" src=\"http:\/\/mlekaranana.rs\/wp-content\/uploads\/2023\/07\/kiselo-mleko-2.jpg\" alt=\"\" width=\"1920\" height=\"800\" srcset=\"https:\/\/mlekaranana.rs\/wp-content\/uploads\/2023\/07\/kiselo-mleko-2.jpg 1920w, https:\/\/mlekaranana.rs\/wp-content\/uploads\/2023\/07\/kiselo-mleko-2-300x125.jpg 300w, https:\/\/mlekaranana.rs\/wp-content\/uploads\/2023\/07\/kiselo-mleko-2-1024x427.jpg 1024w, https:\/\/mlekaranana.rs\/wp-content\/uploads\/2023\/07\/kiselo-mleko-2-768x320.jpg 768w, https:\/\/mlekaranana.rs\/wp-content\/uploads\/2023\/07\/kiselo-mleko-2-1536x640.jpg 1536w\" sizes=\"auto, (max-width: 1920px) 100vw, 1920px\" \/>[\/vc_column_text][\/vc_column][\/vc_row][vc_row][vc_column offset=&#8220;vc_hidden-sm vc_hidden-xs&#8220;][vc_column_text]<\/p>\n<h1>Kysl\u00e9 mlieko<\/h1>\n<p>[\/vc_column_text][vc_column_text css=&#8220;.vc_custom_1768811235971{padding-top: 20px !important;padding-bottom: 20px !important;}&#8220;]Kysl\u00e9 mlieko je viac ne\u017e be\u017en\u00fd mlie\u010dny v\u00fdrobok, je to v\u00fd\u017eivn\u00fd a zdraviu prospe\u0161n\u00fd produkt, ide\u00e1lny na ra\u0148ajky a na podporu zdrav\u00e9ho \u017eivotn\u00e9ho \u0161t\u00fdlu.<br \/>\nKysl\u00e9 mlieko je bohat\u00e9 na v\u00fd\u017eivn\u00e9 l\u00e1tky potrebn\u00e9 pre spr\u00e1vny rast, v\u00fdvoj a udr\u017eiavanie zdravia. Je zdrojom vysokokvalitn\u00fdch bielkov\u00edn, ktor\u00e9 zohr\u00e1vaj\u00fa k\u013e\u00fa\u010dov\u00fa \u00falohu pri tvorbe a obnove svalov\u00e9ho tkaniva. Okrem toho je kysl\u00e9 mlieko bohat\u00e9 na v\u00e1pnik, \u017eivotne d\u00f4le\u017eit\u00fd miner\u00e1l pre zdravie kost\u00ed a zubov.<\/p>\n<p>&nbsp;<\/p>\n<p style=\"font-size: 22px;\"><img loading=\"lazy\" decoding=\"async\" class=\"size-medium wp-image-69 alignright\" src=\"http:\/\/mlekaranana.rs\/wp-content\/uploads\/2023\/07\/kiselo-mleko-1-300x300.jpg\" alt=\"\" width=\"300\" height=\"300\" srcset=\"https:\/\/mlekaranana.rs\/wp-content\/uploads\/2023\/07\/kiselo-mleko-1-300x300.jpg 300w, https:\/\/mlekaranana.rs\/wp-content\/uploads\/2023\/07\/kiselo-mleko-1-150x150.jpg 150w, https:\/\/mlekaranana.rs\/wp-content\/uploads\/2023\/07\/kiselo-mleko-1.jpg 600w\" sizes=\"auto, (max-width: 300px) 100vw, 300px\" \/>Jednou z hlavn\u00fdch v\u00fdhod kysl\u00e9ho mlieka je pr\u00edtomnos\u0165 probiotick\u00fdch bakt\u00e9ri\u00ed. Tieto prospe\u0161n\u00e9 mikroorganizmy pom\u00e1haj\u00fa udr\u017eiava\u0165 zdrav\u00fa rovnov\u00e1hu \u010drevnej mikrofl\u00f3ry, podporuj\u00fa spr\u00e1vne tr\u00e1venie a posil\u0148uj\u00fa imunitu. Pravideln\u00e1 konzum\u00e1cia kysl\u00e9ho mlieka pom\u00e1ha zni\u017eova\u0165 tr\u00e1viace \u0165a\u017ekosti a zlep\u0161ova\u0165 celkov\u00fd stav organizmu.<\/p>\n<p>&nbsp;<\/p>\n<p>Kysl\u00e9 mlieko je z\u00e1rove\u0148 n\u00edzkokalorick\u00fd produkt, ktor\u00fd prin\u00e1\u0161a pocit s\u00fdtosti. V\u010faka tomu je ide\u00e1lnou vo\u013ebou na ra\u0148ajky, preto\u017ee poskytuje dlhodob\u00fa energiu a pom\u00e1ha udr\u017eiava\u0165 stabiln\u00fa hladinu cukru v krvi. Konzum\u00e1cia kysl\u00e9ho mlieka r\u00e1no prispieva k zachovaniu pocitu nas\u00fdtenia po\u010das cel\u00e9ho d\u0148a a zni\u017euje t\u00fa\u017ebu po nezdrav\u00fdch snackoch.<\/p>\n<p>Okrem svojej v\u00fd\u017eivovej hodnoty m\u00e1 kysl\u00e9 mlieko osvie\u017euj\u00facu kyslast\u00fa chu\u0165, ktor\u00e1 dod\u00e1va ra\u0148ajk\u00e1m osobit\u00fd charakter. M\u00f4\u017ee sa konzumova\u0165 samostatne alebo v kombin\u00e1cii s ovoc\u00edm, orechmi, medom \u010di m\u00fcsli, \u010d\u00edm vznikaj\u00fa rozmanit\u00e9 a chutn\u00e9 kombin\u00e1cie.<\/p>\n<p>Vzh\u013eadom na v\u0161etky tieto v\u00fdhody je kysl\u00e9 mlieko v\u00fdbornou vo\u013ebou na ra\u0148ajky, ke\u010f\u017ee zabezpe\u010duje telu potrebn\u00e9 \u017eiviny a energiu pre produkt\u00edvny za\u010diatok d\u0148a.<\/p>\n<p>&nbsp;<\/p>\n<p style=\"font-size: 22px;\">V mliekarenskej farme Nana z Kulpina ver\u00edme, \u017ee pon\u00fakame kysl\u00e9 mlieko najvy\u0161\u0161ej kvality, ktor\u00e9 pom\u00e1ha podporova\u0165 zdrav\u00e9 stravovanie a umo\u017e\u0148uje vychutna\u0165 si jeho mnoh\u00e9 prospe\u0161n\u00e9 \u00fa\u010dinky. S na\u0161\u00edm kysl\u00fdm mliekom m\u00f4\u017eete za\u010da\u0165 de\u0148 t\u00fdm najlep\u0161\u00edm sp\u00f4sobom.<br \/>\nOkrem kysl\u00e9ho mlieka v na\u0161om sortimente n\u00e1jdete kysl\u00fa <a href=\"http:\/\/mlekaranana.rs\/sk\/kysla-smotana\/\" target=\"_blank\" rel=\"noopener\">smotanu<\/a>, <a href=\"http:\/\/mlekaranana.rs\/sk\/mileram\/\" target=\"_blank\" rel=\"noopener\">mileram<\/a>, <a href=\"http:\/\/mlekaranana.rs\/sk\/platok-syra\/\" target=\"_blank\" rel=\"noopener\">pl\u00e1tky syra<\/a>, <a href=\"http:\/\/mlekaranana.rs\/sk\/jogurt\/\" target=\"_blank\" rel=\"noopener\">jogurt<\/a> a <a href=\"http:\/\/mlekaranana.rs\/sk\/kajmak\/\" target=\"_blank\" rel=\"noopener\">dom\u00e1ci kajmak<\/a>.<\/p>\n<p>[\/vc_column_text][\/vc_column][\/vc_row][vc_row][vc_column offset=&#8220;vc_hidden-lg vc_hidden-md&#8220;][vc_column_text]<\/p>\n<h1>Kysl\u00e9 mlieko<\/h1>\n<p>[\/vc_column_text][vc_column_text css=&#8220;.vc_custom_1768811242938{padding-top: 20px !important;padding-bottom: 20px !important;}&#8220;]Kysl\u00e9 mlieko je viac ne\u017e be\u017en\u00fd mlie\u010dny v\u00fdrobok, je to v\u00fd\u017eivn\u00fd a zdraviu prospe\u0161n\u00fd produkt, ide\u00e1lny na ra\u0148ajky a na podporu zdrav\u00e9ho \u017eivotn\u00e9ho \u0161t\u00fdlu.<br \/>\nKysl\u00e9 mlieko je bohat\u00e9 na v\u00fd\u017eivn\u00e9 l\u00e1tky potrebn\u00e9 pre spr\u00e1vny rast, v\u00fdvoj a udr\u017eiavanie zdravia. Je zdrojom vysokokvalitn\u00fdch bielkov\u00edn, ktor\u00e9 zohr\u00e1vaj\u00fa k\u013e\u00fa\u010dov\u00fa \u00falohu pri tvorbe a obnove svalov\u00e9ho tkaniva. Okrem toho je kysl\u00e9 mlieko bohat\u00e9 na v\u00e1pnik, \u017eivotne d\u00f4le\u017eit\u00fd miner\u00e1l pre zdravie kost\u00ed a zubov.<\/p>\n<p>&nbsp;<\/p>\n<p style=\"font-size: 22px;\"><img loading=\"lazy\" decoding=\"async\" class=\"size-medium wp-image-69 aligncenter\" src=\"http:\/\/mlekaranana.rs\/wp-content\/uploads\/2023\/07\/kiselo-mleko-1-300x300.jpg\" alt=\"\" width=\"300\" height=\"300\" srcset=\"https:\/\/mlekaranana.rs\/wp-content\/uploads\/2023\/07\/kiselo-mleko-1-300x300.jpg 300w, https:\/\/mlekaranana.rs\/wp-content\/uploads\/2023\/07\/kiselo-mleko-1-150x150.jpg 150w, https:\/\/mlekaranana.rs\/wp-content\/uploads\/2023\/07\/kiselo-mleko-1.jpg 600w\" sizes=\"auto, (max-width: 300px) 100vw, 300px\" \/><\/p>\n<p>&nbsp;<\/p>\n<p style=\"font-size: 22px;\">Jednou z hlavn\u00fdch v\u00fdhod kysl\u00e9ho mlieka je pr\u00edtomnos\u0165 probiotick\u00fdch bakt\u00e9ri\u00ed. Tieto prospe\u0161n\u00e9 mikroorganizmy pom\u00e1haj\u00fa udr\u017eiava\u0165 zdrav\u00fa rovnov\u00e1hu \u010drevnej mikrofl\u00f3ry, podporuj\u00fa spr\u00e1vne tr\u00e1venie a posil\u0148uj\u00fa imunitu. Pravideln\u00e1 konzum\u00e1cia kysl\u00e9ho mlieka pom\u00e1ha zni\u017eova\u0165 tr\u00e1viace \u0165a\u017ekosti a zlep\u0161ova\u0165 celkov\u00fd stav organizmu.<\/p>\n<p>&nbsp;<\/p>\n<p>Kysl\u00e9 mlieko je z\u00e1rove\u0148 n\u00edzkokalorick\u00fd produkt, ktor\u00fd prin\u00e1\u0161a pocit s\u00fdtosti. V\u010faka tomu je ide\u00e1lnou vo\u013ebou na ra\u0148ajky, preto\u017ee poskytuje dlhodob\u00fa energiu a pom\u00e1ha udr\u017eiava\u0165 stabiln\u00fa hladinu cukru v krvi. Konzum\u00e1cia kysl\u00e9ho mlieka r\u00e1no prispieva k zachovaniu pocitu nas\u00fdtenia po\u010das cel\u00e9ho d\u0148a a zni\u017euje t\u00fa\u017ebu po nezdrav\u00fdch snackoch.<\/p>\n<p>Okrem svojej v\u00fd\u017eivovej hodnoty m\u00e1 kysl\u00e9 mlieko osvie\u017euj\u00facu kyslast\u00fa chu\u0165, ktor\u00e1 dod\u00e1va ra\u0148ajk\u00e1m osobit\u00fd charakter. M\u00f4\u017ee sa konzumova\u0165 samostatne alebo v kombin\u00e1cii s ovoc\u00edm, orechmi, medom \u010di m\u00fcsli, \u010d\u00edm vznikaj\u00fa rozmanit\u00e9 a chutn\u00e9 kombin\u00e1cie.<\/p>\n<p>Vzh\u013eadom na v\u0161etky tieto v\u00fdhody je kysl\u00e9 mlieko v\u00fdbornou vo\u013ebou na ra\u0148ajky, ke\u010f\u017ee zabezpe\u010duje telu potrebn\u00e9 \u017eiviny a energiu pre produkt\u00edvny za\u010diatok d\u0148a.<\/p>\n<p>&nbsp;<\/p>\n<p style=\"font-size: 22px;\">V mliekarenskej farme Nana z Kulpina ver\u00edme, \u017ee pon\u00fakame kysl\u00e9 mlieko najvy\u0161\u0161ej kvality, ktor\u00e9 pom\u00e1ha podporova\u0165 zdrav\u00e9 stravovanie a umo\u017e\u0148uje vychutna\u0165 si jeho mnoh\u00e9 prospe\u0161n\u00e9 \u00fa\u010dinky. S na\u0161\u00edm kysl\u00fdm mliekom m\u00f4\u017eete za\u010da\u0165 de\u0148 t\u00fdm najlep\u0161\u00edm sp\u00f4sobom.<br \/>\nOkrem kysl\u00e9ho mlieka v na\u0161om sortimente n\u00e1jdete kysl\u00fa <a href=\"http:\/\/mlekaranana.rs\/sk\/kysla-smotana\/\" target=\"_blank\" rel=\"noopener\">smotanu<\/a>, <a href=\"http:\/\/mlekaranana.rs\/sk\/mileram\/\" target=\"_blank\" rel=\"noopener\">mileram<\/a>, <a href=\"http:\/\/mlekaranana.rs\/sk\/platok-syra\/\" target=\"_blank\" rel=\"noopener\">pl\u00e1tky syra<\/a>, <a href=\"http:\/\/mlekaranana.rs\/sk\/jogurt\/\" target=\"_blank\" rel=\"noopener\">jogurt<\/a> a <a href=\"http:\/\/mlekaranana.rs\/sk\/kajmak\/\" target=\"_blank\" rel=\"noopener\">dom\u00e1ci kajmak<\/a>.<\/p>\n<p>[\/vc_column_text][\/vc_column][\/vc_row]<\/p>\n","protected":false},"excerpt":{"rendered":"<p>[vc_row full_width=&#8220;stretch_row_content_no_spaces&#8220;][vc_column][vc_column_text][\/vc_column_text][\/vc_column][\/vc_row][vc_row][vc_column offset=&#8220;vc_hidden-sm vc_hidden-xs&#8220;][vc_column_text] Kysl\u00e9 mlieko [\/vc_column_text][vc_column_text css=&#8220;.vc_custom_1768811235971{padding-top: 20px !important;padding-bottom: 20px !important;}&#8220;]Kysl\u00e9 mlieko je viac ne\u017e be\u017en\u00fd mlie\u010dny v\u00fdrobok, je to v\u00fd\u017eivn\u00fd a zdraviu prospe\u0161n\u00fd produkt, ide\u00e1lny na ra\u0148ajky a na podporu zdrav\u00e9ho \u017eivotn\u00e9ho \u0161t\u00fdlu. Kysl\u00e9 mlieko je bohat\u00e9 na v\u00fd\u017eivn\u00e9 l\u00e1tky potrebn\u00e9 pre spr\u00e1vny rast, v\u00fdvoj a udr\u017eiavanie zdravia. Je zdrojom vysokokvalitn\u00fdch bielkov\u00edn, ktor\u00e9&hellip;<\/p>\n","protected":false},"author":1,"featured_media":0,"parent":0,"menu_order":0,"comment_status":"closed","ping_status":"closed","template":"","meta":{"footnotes":""},"class_list":["post-507","page","type-page","status-publish","hentry","description-off"],"_links":{"self":[{"href":"https:\/\/mlekaranana.rs\/sk\/wp-json\/wp\/v2\/pages\/507","targetHints":{"allow":["GET"]}}],"collection":[{"href":"https:\/\/mlekaranana.rs\/sk\/wp-json\/wp\/v2\/pages"}],"about":[{"href":"https:\/\/mlekaranana.rs\/sk\/wp-json\/wp\/v2\/types\/page"}],"author":[{"embeddable":true,"href":"https:\/\/mlekaranana.rs\/sk\/wp-json\/wp\/v2\/users\/1"}],"replies":[{"embeddable":true,"href":"https:\/\/mlekaranana.rs\/sk\/wp-json\/wp\/v2\/comments?post=507"}],"version-history":[{"count":4,"href":"https:\/\/mlekaranana.rs\/sk\/wp-json\/wp\/v2\/pages\/507\/revisions"}],"predecessor-version":[{"id":585,"href":"https:\/\/mlekaranana.rs\/sk\/wp-json\/wp\/v2\/pages\/507\/revisions\/585"}],"wp:attachment":[{"href":"https:\/\/mlekaranana.rs\/sk\/wp-json\/wp\/v2\/media?parent=507"}],"curies":[{"name":"wp","href":"https:\/\/api.w.org\/{rel}","templated":true}]}}