{"id":497,"date":"2023-07-20T09:51:49","date_gmt":"2023-07-20T09:51:49","guid":{"rendered":"http:\/\/mlekaranana.rs\/sample-page\/"},"modified":"2026-01-16T09:03:09","modified_gmt":"2026-01-16T09:03:09","slug":"sample-page","status":"publish","type":"page","link":"https:\/\/mlekaranana.rs\/sk\/","title":{"rendered":"Kulpinsk\u00e1 mliekarensk\u00e1 farma Nana"},"content":{"rendered":"<p>[vc_row full_width=&#8220;stretch_row&#8220; bg_type=&#8220;bg_color&#8220; bg_color_value=&#8220;#1e732c&#8220;][vc_column][vc_empty_space][vc_column_text]<\/p>\n<h1><span style=\"color: #ffffff;\">Kulpinsk\u00e1 mliekarensk\u00e1 farma Nana<br \/>\n<\/span><\/h1>\n<p>&nbsp;<\/p>\n<p><span style=\"color: #ffffff;\">Kulpinsk\u00e1 mliekarensk\u00e1 farma \u201eNana\u201c vyr\u00e1ba svoje produkty na z\u00e1klade dlhoro\u010dnej trad\u00edcie, ktor\u00e1 existuje v tejto \u010dasti B\u00e1\u010dky. T\u00e1to rodinn\u00e1 mliekarensk\u00e1 farma sa stala prvou rodinnou mliekarenskou farmou v okol\u00ed Nov\u00e9ho Sadu, ktor\u00e1 d\u00f4sledne db\u00e1 na kvalitu a zaru\u010duje autentick\u00fa chu\u0165 svojich v\u00fdrobkov, v\u010faka \u010domu je v s\u00fa\u010dasnosti skuto\u010dne jedine\u010dn\u00e1.<\/span><\/p>\n<p>&nbsp;<\/p>\n<p><span style=\"color: #ffffff;\">Mlieko sa z\u00edskava s mimoriadnou starostlivos\u0165ou, poch\u00e1dza od kr\u00e1v, ktor\u00fdch v\u00fd\u017eiva je pozorne sledovan\u00e1, \u010do umo\u017e\u0148uje z\u00edskava\u0165 mlieko najvy\u0161\u0161ej kvality. Iba tak\u00e9to starostlivo vybran\u00e9 mlieko m\u00f4\u017ee sl\u00fa\u017ei\u0165 ako z\u00e1klad pre prav\u00e9 mlie\u010dne v\u00fdrobky, ktor\u00e9 sa vyr\u00e1baj\u00fa s ve\u013ekou l\u00e1skou.<br \/>\n<\/span><\/p>\n<p>&nbsp;<\/p>\n<p style=\"font-size: 22px;\"><span style=\"color: #ffffff;\">Na mliekarenskej farme Nana je ka\u017ed\u00fd krok v\u00fdrobn\u00e9ho procesu d\u00f4kladne kontrolovan\u00fd odborn\u00edkmi. Pr\u00e1ve preto podnik v minulom roku pre\u0161iel zmenami v \u0161trukt\u00fare a organiz\u00e1cii, aby zabezpe\u010dil vysok\u00fa kvalitu bez preru\u0161enia trad\u00edcie, a z\u00e1rove\u0148 zlep\u0161il a zdokonalil v\u00fdrobu bud\u00facich zdrav\u00fdch mlie\u010dnych v\u00fdrobkov, ktor\u00e9 s\u00fa potrebn\u00e9 pre ka\u017ed\u00e9ho, kto si vyber\u00e1 zdrav\u00fd sp\u00f4sob stravovania.<br \/>\n<\/span><\/p>\n<p>[\/vc_column_text]<style type=\"text\/css\" data-type=\"the7_shortcodes-inline-css\">#default-btn-1f0dd529d4e41ee8ae805714ce0792db.ico-right-side > i {\n  margin-right: 0px;\n  margin-left: 8px;\n}\n#default-btn-1f0dd529d4e41ee8ae805714ce0792db > i {\n  margin-right: 8px;\n}\n<\/style><a href=\"http:\/\/mlekaranana.rs\/o-nama\/\" class=\"default-btn-shortcode dt-btn dt-btn-m link-hover-off btn-inline-left \" id=\"default-btn-1f0dd529d4e41ee8ae805714ce0792db\"><span>vi\u0161eo nama<\/span><\/a>[\/vc_column][\/vc_row][vc_row full_width=&#8220;stretch_row&#8220; bg_type=&#8220;bg_color&#8220; bg_color_value=&#8220;#f2f2f2&#8243;][vc_column][vc_empty_space height=&#8220;60&#8243;][vc_column_text]<\/p>\n<h2>Viac o n\u00e1s<\/h2>\n<p>[\/vc_column_text][vc_row_inner][vc_column_inner width=&#8220;1\/4&#8243;]<style type=\"text\/css\" data-type=\"the7_shortcodes-inline-css\">#default-btn-e20447125778aad8e3f3da8beba8009a.ico-right-side > i {\n  margin-right: 0px;\n  margin-left: 8px;\n}\n#default-btn-e20447125778aad8e3f3da8beba8009a > i {\n  margin-right: 8px;\n}\n<\/style><a href=\"http:\/\/mlekaranana.rs\/o-nama\/\" class=\"default-btn-shortcode dt-btn dt-btn-s link-hover-off btn-inline-left \" id=\"default-btn-e20447125778aad8e3f3da8beba8009a\"><span>MILERAM<\/span><\/a>[vc_single_image image=&#8220;78&#8243; img_size=&#8220;full&#8220; alignment=&#8220;center&#8220; style=&#8220;vc_box_border&#8220; onclick=&#8220;custom_link&#8220; css_animation=&#8220;fadeInLeft&#8220; link=&#8220;http:\/\/mlekaranana.rs\/mileram\/&#8220;][vc_column_text]<\/p>\n<h4><strong>MILERAM<\/strong><\/h4>\n<p>V mliekarni Nana z Kulpina s hrdos\u0165ou predstavujeme prvotriedny milram, ktor\u00fd uspokoj\u00ed aj tie najn\u00e1ro\u010dnej\u0161ie chute.[\/vc_column_text][\/vc_column_inner][vc_column_inner width=&#8220;1\/4&#8243;]<style type=\"text\/css\" data-type=\"the7_shortcodes-inline-css\">#default-btn-279b19936e2cb689aba0e557ca39b1f7.ico-right-side > i {\n  margin-right: 0px;\n  margin-left: 8px;\n}\n#default-btn-279b19936e2cb689aba0e557ca39b1f7 > i {\n  margin-right: 8px;\n}\n<\/style><a href=\"http:\/\/mlekaranana.rs\/jogurt\/\" class=\"default-btn-shortcode dt-btn dt-btn-s link-hover-off btn-inline-left \" id=\"default-btn-279b19936e2cb689aba0e557ca39b1f7\"><span>JOGURT<\/span><\/a>[vc_single_image image=&#8220;71&#8243; img_size=&#8220;full&#8220; alignment=&#8220;center&#8220; style=&#8220;vc_box_border&#8220; onclick=&#8220;custom_link&#8220; css_animation=&#8220;fadeInLeft&#8220; link=&#8220;http:\/\/mlekaranana.rs\/mileram\/&#8220;][vc_column_text]<\/p>\n<h4><strong>JOGURT<\/strong><\/h4>\n<p>Jogurt vyroben\u00fd v mliekarni Nana sa vyzna\u010duje prirodzenou svie\u017eos\u0165ou a v\u00fd\u017eivn\u00fdmi zlo\u017ekami, prin\u00e1\u0161a skuto\u010dn\u00fd p\u00f4\u017eitok z chuti a blahodarn\u00e9 \u00fa\u010dinky pre va\u0161e telo.<br \/>\n[\/vc_column_text][\/vc_column_inner][vc_column_inner width=&#8220;1\/4&#8243;]<style type=\"text\/css\" data-type=\"the7_shortcodes-inline-css\">#default-btn-434dacf1aa0a3991634575b8e12b5d2e.ico-right-side > i {\n  margin-right: 0px;\n  margin-left: 8px;\n}\n#default-btn-434dacf1aa0a3991634575b8e12b5d2e > i {\n  margin-right: 8px;\n}\n<\/style><a href=\"http:\/\/mlekaranana.rs\/kiselo-mleko\/\" class=\"default-btn-shortcode dt-btn dt-btn-s link-hover-off btn-inline-left \" id=\"default-btn-434dacf1aa0a3991634575b8e12b5d2e\"><span>KYSL\u00c9 MLIEKO<\/span><\/a>[vc_single_image image=&#8220;69&#8243; img_size=&#8220;full&#8220; alignment=&#8220;center&#8220; style=&#8220;vc_box_border&#8220; onclick=&#8220;custom_link&#8220; css_animation=&#8220;fadeInLeft&#8220; link=&#8220;http:\/\/mlekaranana.rs\/kiselo-mleko\/&#8220;][vc_column_text]<\/p>\n<h4><strong>KYSL\u00c9 MLIEKO<\/strong><\/h4>\n<p>Viac ne\u017e be\u017en\u00fd mlie\u010dny v\u00fdrobok, predstavuje v\u00fd\u017eivn\u00fa a zdraviu prospe\u0161n\u00fa potravinu, ktor\u00e1 je ide\u00e1lna na ra\u0148ajky aj na podporu zdrav\u00e9ho \u017eivotn\u00e9ho \u0161t\u00fdlu.[\/vc_column_text][\/vc_column_inner][vc_column_inner width=&#8220;1\/4&#8243;]<style type=\"text\/css\" data-type=\"the7_shortcodes-inline-css\">#default-btn-52b7593272c127cd346d2f6fb9a98ebf.ico-right-side > i {\n  margin-right: 0px;\n  margin-left: 8px;\n}\n#default-btn-52b7593272c127cd346d2f6fb9a98ebf > i {\n  margin-right: 8px;\n}\n<\/style><a href=\"http:\/\/mlekaranana.rs\/pavlaka\/\" class=\"default-btn-shortcode dt-btn dt-btn-s link-hover-off btn-inline-left \" id=\"default-btn-52b7593272c127cd346d2f6fb9a98ebf\"><span>SMOTANA<\/span><\/a>[vc_single_image image=&#8220;151&#8243; img_size=&#8220;full&#8220; alignment=&#8220;center&#8220; style=&#8220;vc_box_border&#8220; onclick=&#8220;custom_link&#8220; css_animation=&#8220;fadeInLeft&#8220; link=&#8220;http:\/\/mlekaranana.rs\/pavlaka\/&#8220;][vc_column_text]<\/p>\n<h4><strong>SMOTANA<br \/>\n<\/strong><\/h4>\n<p>Dom\u00e1ca kysl\u00e1 smotana je prvotriedny mlie\u010dny v\u00fdrobok, z\u00edskavan\u00fd zo starostlivo pripravenej pasterizovanej smotany a fermentovan\u00fdch jogurtov\u00fdch kult\u00far.<br \/>\n[\/vc_column_text][\/vc_column_inner][\/vc_row_inner][vc_empty_space height=&#8220;60&#8243;][vc_row_inner][vc_column_inner width=&#8220;1\/4&#8243;]<style type=\"text\/css\" data-type=\"the7_shortcodes-inline-css\">#default-btn-6a9a9621d2743b836ba2b27de244c9af.ico-right-side > i {\n  margin-right: 0px;\n  margin-left: 8px;\n}\n#default-btn-6a9a9621d2743b836ba2b27de244c9af > i {\n  margin-right: 8px;\n}\n<\/style><a href=\"http:\/\/mlekaranana.rs\/kajmak\/\" class=\"default-btn-shortcode dt-btn dt-btn-s link-hover-off btn-inline-left \" id=\"default-btn-6a9a9621d2743b836ba2b27de244c9af\"><span>KAJMAK<\/span><\/a>[vc_single_image image=&#8220;200&#8243; img_size=&#8220;full&#8220; alignment=&#8220;center&#8220; style=&#8220;vc_box_border&#8220; onclick=&#8220;custom_link&#8220; css_animation=&#8220;fadeInLeft&#8220; link=&#8220;http:\/\/mlekaranana.rs\/kajmak\/&#8220;][vc_column_text]<\/p>\n<h4><strong>KAJMAK<\/strong><\/h4>\n<p>Kajmak je vysokokalorick\u00e1 potravina z\u00edskavan\u00e1 z mlieka tradi\u010dn\u00fdm sp\u00f4sobom v\u00fdroby, pri ktorom sa zbiera smotanov\u00e1 vrstva z povrchu chladen\u00e9ho mlieka.[\/vc_column_text][\/vc_column_inner][vc_column_inner width=&#8220;1\/4&#8243;]<style type=\"text\/css\" data-type=\"the7_shortcodes-inline-css\">#default-btn-c9f7f5e3e108f627e4fa7d4192acd810.ico-right-side > i {\n  margin-right: 0px;\n  margin-left: 8px;\n}\n#default-btn-c9f7f5e3e108f627e4fa7d4192acd810 > i {\n  margin-right: 8px;\n}\n<\/style><a href=\"http:\/\/mlekaranana.rs\/sitan-sir\/\" class=\"default-btn-shortcode dt-btn dt-btn-s link-hover-off btn-inline-left \" id=\"default-btn-c9f7f5e3e108f627e4fa7d4192acd810\"><span>SITAN\u00dd SYR<\/span><\/a>[vc_single_image image=&#8220;148&#8243; img_size=&#8220;full&#8220; alignment=&#8220;center&#8220; style=&#8220;vc_box_border&#8220; onclick=&#8220;custom_link&#8220; css_animation=&#8220;fadeInLeft&#8220; link=&#8220;http:\/\/mlekaranana.rs\/sitan-sir\/&#8220;][vc_column_text]<\/p>\n<h4><strong>SITAN\u00dd SYR<\/strong><\/h4>\n<p>Sitan\u00fd syr \u201eKulpinka\u201c predstavuje v\u00fdnimo\u010dn\u00fd mlie\u010dny v\u00fdrobok, ktor\u00fd tvor\u00ed d\u00f4le\u017eit\u00fa s\u00fa\u010das\u0165 zdravej v\u00fd\u017eivy a je obohaten\u00fd o v\u00fd\u017eivn\u00e9 zlo\u017eky.<br \/>\n[\/vc_column_text][\/vc_column_inner][vc_column_inner width=&#8220;1\/4&#8243;]<style type=\"text\/css\" data-type=\"the7_shortcodes-inline-css\">#default-btn-11141c81f1270bb2be669019a5d3704d.ico-right-side > i {\n  margin-right: 0px;\n  margin-left: 8px;\n}\n#default-btn-11141c81f1270bb2be669019a5d3704d > i {\n  margin-right: 8px;\n}\n<\/style><a href=\"http:\/\/mlekaranana.rs\/kriska-sira\/\" class=\"default-btn-shortcode dt-btn dt-btn-s link-hover-off btn-inline-left \" id=\"default-btn-11141c81f1270bb2be669019a5d3704d\"><span>SYROV\u00c1 N\u00c1TIERKA<\/span><\/a>[vc_single_image image=&#8220;132&#8243; img_size=&#8220;full&#8220; alignment=&#8220;center&#8220; style=&#8220;vc_box_border&#8220; onclick=&#8220;custom_link&#8220; css_animation=&#8220;fadeInLeft&#8220; link=&#8220;http:\/\/mlekaranana.rs\/kriska-sira\/&#8220;][vc_column_text]<\/p>\n<h4><strong>SYROV\u00c1 N\u00c1TIERKA<\/strong><\/h4>\n<p>Plnotu\u010dn\u00e1 dom\u00e1ca syrov\u00e1 n\u00e1tierka v n\u00e1leve je lahodn\u00e1 poch\u00fa\u0165ka, ktor\u00e1 o\u010dar\u00ed svojou chu\u0165ou a kvalitou, s najmenej 25% mlie\u010dneho tuku v su\u0161ine.[\/vc_column_text][\/vc_column_inner][vc_column_inner width=&#8220;1\/4&#8243;]<style type=\"text\/css\" data-type=\"the7_shortcodes-inline-css\">#default-btn-13834bbede9405c548ada4197b3fae8b.ico-right-side > i {\n  margin-right: 0px;\n  margin-left: 8px;\n}\n#default-btn-13834bbede9405c548ada4197b3fae8b > i {\n  margin-right: 8px;\n}\n<\/style><a href=\"http:\/\/mlekaranana.rs\/kackavalj\/\" class=\"default-btn-shortcode dt-btn dt-btn-s link-hover-off btn-inline-left \" id=\"default-btn-13834bbede9405c548ada4197b3fae8b\"><span>KA\u010cKAVALJ<\/span><\/a>[vc_single_image image=&#8220;272&#8243; img_size=&#8220;full&#8220; alignment=&#8220;center&#8220; style=&#8220;vc_box_border&#8220; onclick=&#8220;custom_link&#8220; css_animation=&#8220;fadeInLeft&#8220; link=&#8220;http:\/\/mlekaranana.rs\/kackavalj\/&#8220;][vc_column_text]<\/p>\n<h4><strong>KA\u010cKAVALJ<\/strong><\/h4>\n<p>Prvotriedny polotvrd\u00fd plnotu\u010dn\u00fd syr, ktor\u00fd sa vyr\u00e1ba zo starostlivo vybran\u00e9ho kravsk\u00e9ho mlieka a je rozpoznate\u013en\u00fd pod\u013ea svojej hladkej a elastickej k\u00f4rky.[\/vc_column_text][\/vc_column_inner][\/vc_row_inner][vc_empty_space height=&#8220;60&#8243;][\/vc_column][\/vc_row][vc_row][vc_column width=&#8220;2\/3&#8243;][vc_column_text css=&#8220;.vc_custom_1768553637084{padding-top: 50px !important;padding-bottom: 20px !important;}&#8220;]<\/p>\n<p style=\"font-size: 22px;\">Rozmanitos\u0165ou mliekare\u0148 usiluje uspokoji\u0165 chu\u0165 a potreby v\u0161etk\u00fdch milovn\u00edkov autentick\u00fdch mlie\u010dnych v\u00fdrobkov.<\/p>\n<p>&nbsp;<\/p>\n<p>Kulpinsk\u00e1 mliekare\u0148 \u201eNana\u201c je hrd\u00e1 na svoje dedi\u010dstvo, trad\u00edciu a oddanos\u0165 kvalite. Na\u0161e mlie\u010dne v\u00fdrobky s\u00fa preto skuto\u010dn\u00fdmi mliekarensk\u00fdmi lah\u00f4dkami. Tento rok bol pre n\u00e1s \u00faspe\u0161n\u00fd, preto\u017ee sme na Novosadskom ve\u013etrhu z\u00edskali mno\u017estvo pochv\u00e1l za na\u0161e produkty.<\/p>\n<p>S hrdos\u0165ou vyzdvihujeme jednu ve\u013ek\u00fa zlat\u00fa a dve zlat\u00e9 medaily, jednu ve\u013ek\u00fa zlat\u00fa za n\u00e1\u0161 oce\u0148ovan\u00fd mileram a jednu strieborn\u00fa za n\u00e1\u0161 jogurt.<\/p>\n<p>Ve\u013ek\u00e1 zlat\u00e1 medaila za dom\u00e1ci mileram \u201eKulpinka\u201c sa nach\u00e1dza na na\u0161om v\u00fdrobku ako z\u00e1ruka \u0161pi\u010dkovej kvality a v\u00fdnimo\u010dnej chuti. Mileram sa stal symbolom na\u0161ej mliekarne a n\u00e1\u0161ho odhodlania vytvori\u0165 renesanciu v srbskom mliekarenstve.<\/p>\n<p>Strieborn\u00fa medailu za jogurt \u201eKulpinac\u201c pova\u017eujeme za zasl\u00fa\u017een\u00e9 uznanie na\u0161ej oddanej pr\u00e1ce a vysokej kvality surov\u00edn, ktor\u00e9 pou\u017e\u00edvame. Je bohat\u00fd na probiotik\u00e1 a v\u00fd\u017eivn\u00e9 l\u00e1tky, \u010do z neho rob\u00ed ide\u00e1lnu vo\u013ebu pre t\u00fdch, ktor\u00ed t\u00fa\u017eia po zdravej a chutnej strave.<\/p>\n<p>&nbsp;<\/p>\n<p style=\"font-size: 22px;\">Tieto medaily predstavuj\u00fa svetlo na\u0161ej pr\u00e1ce a oddanosti pri vytv\u00e1ran\u00ed najlep\u0161\u00edch mlie\u010dnych v\u00fdrobkov pre na\u0161ich spotrebite\u013eov. Budeme pokra\u010dova\u0165 v pr\u00e1ci s rovnak\u00fdm nad\u0161en\u00edm a uspokoj\u00edme sa v\u00fdlu\u010dne s najlep\u0161\u00edmi v\u00fdrobkami z na\u0161ej mliekarne, ktor\u00fa s hrdos\u0165ou naz\u00fdvame Nana.<\/p>\n<p>[\/vc_column_text][\/vc_column][vc_column width=&#8220;1\/3&#8243;][vc_column_text]<img loading=\"lazy\" decoding=\"async\" class=\"aligncenter wp-image-211 size-full\" src=\"http:\/\/mlekaranana.rs\/wp-content\/uploads\/2023\/07\/kulpinka.jpg\" alt=\"\" width=\"600\" height=\"424\" srcset=\"https:\/\/mlekaranana.rs\/wp-content\/uploads\/2023\/07\/kulpinka.jpg 600w, https:\/\/mlekaranana.rs\/wp-content\/uploads\/2023\/07\/kulpinka-300x212.jpg 300w\" sizes=\"auto, (max-width: 600px) 100vw, 600px\" \/><\/p>\n<p><img loading=\"lazy\" decoding=\"async\" class=\"aligncenter wp-image-249 size-full\" src=\"http:\/\/mlekaranana.rs\/wp-content\/uploads\/2023\/08\/medalje.jpg\" alt=\"\" width=\"800\" height=\"786\" srcset=\"https:\/\/mlekaranana.rs\/wp-content\/uploads\/2023\/08\/medalje.jpg 800w, https:\/\/mlekaranana.rs\/wp-content\/uploads\/2023\/08\/medalje-300x295.jpg 300w, https:\/\/mlekaranana.rs\/wp-content\/uploads\/2023\/08\/medalje-768x755.jpg 768w\" sizes=\"auto, (max-width: 800px) 100vw, 800px\" \/>[\/vc_column_text][\/vc_column][\/vc_row]<\/p>\n","protected":false},"excerpt":{"rendered":"<p>[vc_row full_width=&#8220;stretch_row&#8220; bg_type=&#8220;bg_color&#8220; bg_color_value=&#8220;#1e732c&#8220;][vc_column][vc_empty_space][vc_column_text] Kulpinsk\u00e1 mliekarensk\u00e1 farma Nana &nbsp; Kulpinsk\u00e1 mliekarensk\u00e1 farma \u201eNana\u201c vyr\u00e1ba svoje produkty na z\u00e1klade dlhoro\u010dnej trad\u00edcie, ktor\u00e1 existuje v tejto \u010dasti B\u00e1\u010dky. T\u00e1to rodinn\u00e1 mliekarensk\u00e1 farma sa stala prvou rodinnou mliekarenskou farmou v okol\u00ed Nov\u00e9ho Sadu, ktor\u00e1 d\u00f4sledne db\u00e1 na kvalitu a zaru\u010duje autentick\u00fa chu\u0165 svojich v\u00fdrobkov, v\u010faka \u010domu je v&hellip;<\/p>\n","protected":false},"author":1,"featured_media":0,"parent":0,"menu_order":0,"comment_status":"closed","ping_status":"open","template":"","meta":{"footnotes":""},"class_list":["post-497","page","type-page","status-publish","hentry","description-off"],"_links":{"self":[{"href":"https:\/\/mlekaranana.rs\/sk\/wp-json\/wp\/v2\/pages\/497","targetHints":{"allow":["GET"]}}],"collection":[{"href":"https:\/\/mlekaranana.rs\/sk\/wp-json\/wp\/v2\/pages"}],"about":[{"href":"https:\/\/mlekaranana.rs\/sk\/wp-json\/wp\/v2\/types\/page"}],"author":[{"embeddable":true,"href":"https:\/\/mlekaranana.rs\/sk\/wp-json\/wp\/v2\/users\/1"}],"replies":[{"embeddable":true,"href":"https:\/\/mlekaranana.rs\/sk\/wp-json\/wp\/v2\/comments?post=497"}],"version-history":[{"count":2,"href":"https:\/\/mlekaranana.rs\/sk\/wp-json\/wp\/v2\/pages\/497\/revisions"}],"predecessor-version":[{"id":500,"href":"https:\/\/mlekaranana.rs\/sk\/wp-json\/wp\/v2\/pages\/497\/revisions\/500"}],"wp:attachment":[{"href":"https:\/\/mlekaranana.rs\/sk\/wp-json\/wp\/v2\/media?parent=497"}],"curies":[{"name":"wp","href":"https:\/\/api.w.org\/{rel}","templated":true}]}}