{"id":484,"date":"2023-07-27T10:31:17","date_gmt":"2023-07-27T10:31:17","guid":{"rendered":"http:\/\/mlekaranana.rs\/mileram\/"},"modified":"2026-01-19T08:20:21","modified_gmt":"2026-01-19T08:20:21","slug":"mileram","status":"publish","type":"page","link":"https:\/\/mlekaranana.rs\/sk\/mileram\/","title":{"rendered":"Mileram"},"content":{"rendered":"<p>[vc_row full_width=&#8220;stretch_row_content_no_spaces&#8220;][vc_column][vc_column_text]<img loading=\"lazy\" decoding=\"async\" class=\"aligncenter wp-image-107 size-full\" src=\"http:\/\/mlekaranana.rs\/wp-content\/uploads\/2023\/07\/mileram-2.jpg\" alt=\"\" width=\"1920\" height=\"800\" srcset=\"https:\/\/mlekaranana.rs\/wp-content\/uploads\/2023\/07\/mileram-2.jpg 1920w, https:\/\/mlekaranana.rs\/wp-content\/uploads\/2023\/07\/mileram-2-300x125.jpg 300w, https:\/\/mlekaranana.rs\/wp-content\/uploads\/2023\/07\/mileram-2-1024x427.jpg 1024w, https:\/\/mlekaranana.rs\/wp-content\/uploads\/2023\/07\/mileram-2-768x320.jpg 768w, https:\/\/mlekaranana.rs\/wp-content\/uploads\/2023\/07\/mileram-2-1536x640.jpg 1536w\" sizes=\"auto, (max-width: 1920px) 100vw, 1920px\" \/>[\/vc_column_text][\/vc_column][\/vc_row][vc_row full_width=&#8220;stretch_row&#8220; bg_type=&#8220;image&#8220; parallax_style=&#8220;vcpb-default&#8220; bg_image_new=&#8220;id^118|url^http:\/\/mlekaranana.rs\/wp-content\/uploads\/2023\/07\/poyadina-7.jpg|caption^null|alt^null|title^poyadina|description^null&#8220;][vc_column offset=&#8220;vc_hidden-sm vc_hidden-xs&#8220;][vc_column_text]<\/p>\n<h1>Mileram<\/h1>\n<p>Mileram patr\u00ed medzi najob\u013e\u00fabenej\u0161ie kyslomlie\u010dne v\u00fdrobky s vysok\u00fdm obsahom mlie\u010dneho tuku. V mliekarenskej farme Nana z Kulpina s hrdos\u0165ou pon\u00fakame vysokokvalitn\u00fd mileram, ktor\u00fd uspokoj\u00ed aj tie najn\u00e1ro\u010dnej\u0161ie chute.<\/p>\n<p>&nbsp;<\/p>\n<p style=\"font-size: 22px;\"><img loading=\"lazy\" decoding=\"async\" class=\"size-medium wp-image-78 alignright\" src=\"http:\/\/mlekaranana.rs\/wp-content\/uploads\/2023\/07\/domaci-mileram-300x300.jpg\" alt=\"\" width=\"300\" height=\"300\" srcset=\"https:\/\/mlekaranana.rs\/wp-content\/uploads\/2023\/07\/domaci-mileram-300x300.jpg 300w, https:\/\/mlekaranana.rs\/wp-content\/uploads\/2023\/07\/domaci-mileram-150x150.jpg 150w, https:\/\/mlekaranana.rs\/wp-content\/uploads\/2023\/07\/domaci-mileram.jpg 600w\" sizes=\"auto, (max-width: 300px) 100vw, 300px\" \/>Mileram je zn\u00e1my svojou kr\u00e9movou text\u00farou a bohatou chu\u0165ou, v\u010faka \u010domu je ide\u00e1lny na r\u00f4zne jedl\u00e1 a recepty. Mileram vyroben\u00fd v mliekarenskej farme Nana sa pripravuje z vybran\u00e9ho plnotu\u010dn\u00e9ho mlieka, \u010do mu dod\u00e1va v\u00fdnimo\u010dne kr\u00e9mov\u00fa konzistenciu.<\/p>\n<p>&nbsp;<\/p>\n<p>Ka\u017ed\u00e1 f\u00e1za v\u00fdroby je starostlivo kontrolovan\u00e1, aby sa dosiahla dokonal\u00e1 rovnov\u00e1ha medzi kvalitou a chu\u0165ou. N\u00e1\u0161 t\u00edm odborn\u00edkov vyu\u017e\u00edva tradi\u010dn\u00e9 v\u00fdrobn\u00e9 postupy v spojen\u00ed s modern\u00fdmi technol\u00f3giami, \u010d\u00edm vznik\u00e1 mileram, ktor\u00fd si z\u00edska ka\u017ed\u00e9ho svojou text\u00farou.<br \/>\nBez oh\u013eadu na to, \u010di ho pou\u017eijete ako n\u00e1tierku na chlieb, pr\u00edsadu do jed\u00e1l alebo ako ingredienciu pre kulin\u00e1rske n\u00e1pady, n\u00e1\u0161 mileram ur\u010dite obohat\u00ed v\u00e1\u0161 gastronomick\u00fd z\u00e1\u017eitok.<\/p>\n<p>&nbsp;<\/p>\n<p style=\"font-size: 22px;\">Sta\u0148te sa jedn\u00fdm z na\u0161ich spokojn\u00fdch z\u00e1kazn\u00edkov, ktor\u00ed u\u017e objavili \u010daro kulpinsk\u00e9ho mileramu.<\/p>\n<p><span style=\"font-weight: 400;\">Okrem mileramu v na\u0161om sortimente n\u00e1jdete <a href=\"http:\/\/mlekaranana.rs\/sk\/kysle-mlieko\/\" target=\"_blank\" rel=\"noopener\">kysl\u00e9 mlieko<\/a>, <a href=\"http:\/\/mlekaranana.rs\/sk\/platok-syra\/\" target=\"_blank\" rel=\"noopener\">pl\u00e1tky syra<\/a>, <a href=\"http:\/\/mlekaranana.rs\/sk\/jogurt\/\" target=\"_blank\" rel=\"noopener\">jogurt<\/a> a <a href=\"http:\/\/mlekaranana.rs\/sk\/kajmak\/\" target=\"_blank\" rel=\"noopener\">dom\u00e1ci kajmak.<\/a><br \/>\n<\/span>[\/vc_column_text][vc_column_text css=&#8220;.vc_custom_1692959110181{padding-top: 20px !important;padding-bottom: 20px !important;}&#8220;]<img loading=\"lazy\" decoding=\"async\" class=\"alignnone wp-image-251 size-thumbnail\" src=\"http:\/\/mlekaranana.rs\/wp-content\/uploads\/2023\/08\/medalja-mileram-150x150.jpg\" alt=\"\" width=\"150\" height=\"150\" srcset=\"https:\/\/mlekaranana.rs\/wp-content\/uploads\/2023\/08\/medalja-mileram-150x150.jpg 150w, https:\/\/mlekaranana.rs\/wp-content\/uploads\/2023\/08\/medalja-mileram.jpg 300w\" sizes=\"auto, (max-width: 150px) 100vw, 150px\" \/>[\/vc_column_text][\/vc_column][\/vc_row][vc_row full_width=&#8220;stretch_row&#8220; bg_type=&#8220;image&#8220; parallax_style=&#8220;vcpb-default&#8220; bg_image_new=&#8220;id^118|url^http:\/\/mlekaranana.rs\/wp-content\/uploads\/2023\/07\/poyadina-7.jpg|caption^null|alt^null|title^poyadina|description^null&#8220;][vc_column offset=&#8220;vc_hidden-lg vc_hidden-md&#8220;][vc_column_text]<\/p>\n<h1>Mileram<\/h1>\n<p>Mileram patr\u00ed medzi najob\u013e\u00fabenej\u0161ie kyslomlie\u010dne v\u00fdrobky s vysok\u00fdm obsahom mlie\u010dneho tuku. V mliekarenskej farme \u201eNana\u201c z Kulpina s hrdos\u0165ou pon\u00fakame vysokokvalitn\u00fd mileram, ktor\u00fd uspokoj\u00ed aj tie najn\u00e1ro\u010dnej\u0161ie chute.<\/p>\n<p><img loading=\"lazy\" decoding=\"async\" class=\"size-medium wp-image-78 aligncenter\" src=\"http:\/\/mlekaranana.rs\/wp-content\/uploads\/2023\/07\/domaci-mileram-300x300.jpg\" alt=\"\" width=\"300\" height=\"300\" srcset=\"https:\/\/mlekaranana.rs\/wp-content\/uploads\/2023\/07\/domaci-mileram-300x300.jpg 300w, https:\/\/mlekaranana.rs\/wp-content\/uploads\/2023\/07\/domaci-mileram-150x150.jpg 150w, https:\/\/mlekaranana.rs\/wp-content\/uploads\/2023\/07\/domaci-mileram.jpg 600w\" sizes=\"auto, (max-width: 300px) 100vw, 300px\" \/><\/p>\n<p>&nbsp;<\/p>\n<p style=\"font-size: 22px;\">Mileram je zn\u00e1my svojou kr\u00e9movou text\u00farou a bohatou chu\u0165ou, v\u010faka \u010domu je ide\u00e1lny na r\u00f4zne jedl\u00e1 a recepty. Mileram vyroben\u00fd v mliekarenskej farme \u201eNana\u201c sa pripravuje z vybran\u00e9ho plnotu\u010dn\u00e9ho mlieka, \u010do mu dod\u00e1va v\u00fdnimo\u010dne kr\u00e9mov\u00fa konzistenciu.<\/p>\n<p>&nbsp;<\/p>\n<p>Ka\u017ed\u00e1 f\u00e1za v\u00fdroby je starostlivo kontrolovan\u00e1, aby sa dosiahla dokonal\u00e1 rovnov\u00e1ha medzi kvalitou a chu\u0165ou. N\u00e1\u0161 t\u00edm odborn\u00edkov vyu\u017e\u00edva tradi\u010dn\u00e9 v\u00fdrobn\u00e9 postupy v spojen\u00ed s modern\u00fdmi technol\u00f3giami, \u010d\u00edm vznik\u00e1 mileram, ktor\u00fd si z\u00edska ka\u017ed\u00e9ho svojou text\u00farou.<br \/>\nBez oh\u013eadu na to, \u010di ho pou\u017eijete ako n\u00e1tierku na chlieb, pr\u00edsadu do jed\u00e1l alebo ako ingredienciu pre kulin\u00e1rske n\u00e1pady, n\u00e1\u0161 mileram ur\u010dite obohat\u00ed v\u00e1\u0161 gastronomick\u00fd z\u00e1\u017eitok.<\/p>\n<p>&nbsp;<\/p>\n<p style=\"font-size: 22px;\">Sta\u0148te sa jedn\u00fdm z na\u0161ich spokojn\u00fdch z\u00e1kazn\u00edkov, ktor\u00ed u\u017e objavili \u010daro kulpinsk\u00e9ho mileramu.<\/p>\n<p><span style=\"font-weight: 400;\">Okrem mileramu v na\u0161om sortimente n\u00e1jdete <a href=\"http:\/\/mlekaranana.rs\/sk\/kysle-mlieko\/\" target=\"_blank\" rel=\"noopener\">kysl\u00e9 mlieko<\/a>, <a href=\"http:\/\/mlekaranana.rs\/sk\/platok-syra\/\" target=\"_blank\" rel=\"noopener\">pl\u00e1tky syra<\/a>, <a href=\"http:\/\/mlekaranana.rs\/sk\/jogurt\/\" target=\"_blank\" rel=\"noopener\">jogurt<\/a> a <a href=\"http:\/\/mlekaranana.rs\/sk\/kajmak\/\" target=\"_blank\" rel=\"noopener\">dom\u00e1ci kajmak.<\/a><\/span>[\/vc_column_text][vc_column_text css=&#8220;.vc_custom_1692959110181{padding-top: 20px !important;padding-bottom: 20px !important;}&#8220;]<img loading=\"lazy\" decoding=\"async\" class=\"alignnone wp-image-251 size-thumbnail\" src=\"http:\/\/mlekaranana.rs\/wp-content\/uploads\/2023\/08\/medalja-mileram-150x150.jpg\" alt=\"\" width=\"150\" height=\"150\" srcset=\"https:\/\/mlekaranana.rs\/wp-content\/uploads\/2023\/08\/medalja-mileram-150x150.jpg 150w, https:\/\/mlekaranana.rs\/wp-content\/uploads\/2023\/08\/medalja-mileram.jpg 300w\" sizes=\"auto, (max-width: 150px) 100vw, 150px\" \/>[\/vc_column_text][\/vc_column][\/vc_row]<\/p>\n","protected":false},"excerpt":{"rendered":"<p>[vc_row full_width=&#8220;stretch_row_content_no_spaces&#8220;][vc_column][vc_column_text][\/vc_column_text][\/vc_column][\/vc_row][vc_row full_width=&#8220;stretch_row&#8220; bg_type=&#8220;image&#8220; parallax_style=&#8220;vcpb-default&#8220; bg_image_new=&#8220;id^118|url^http:\/\/mlekaranana.rs\/wp-content\/uploads\/2023\/07\/poyadina-7.jpg|caption^null|alt^null|title^poyadina|description^null&#8220;][vc_column offset=&#8220;vc_hidden-sm vc_hidden-xs&#8220;][vc_column_text] Mileram Mileram patr\u00ed medzi najob\u013e\u00fabenej\u0161ie kyslomlie\u010dne v\u00fdrobky s vysok\u00fdm obsahom mlie\u010dneho tuku. V mliekarenskej farme Nana z Kulpina s hrdos\u0165ou pon\u00fakame vysokokvalitn\u00fd mileram, ktor\u00fd uspokoj\u00ed aj tie najn\u00e1ro\u010dnej\u0161ie chute. &nbsp; Mileram je zn\u00e1my svojou kr\u00e9movou text\u00farou a bohatou chu\u0165ou, v\u010faka \u010domu je ide\u00e1lny na r\u00f4zne jedl\u00e1 a&hellip;<\/p>\n","protected":false},"author":1,"featured_media":0,"parent":0,"menu_order":0,"comment_status":"closed","ping_status":"closed","template":"","meta":{"footnotes":""},"class_list":["post-484","page","type-page","status-publish","hentry","description-off"],"_links":{"self":[{"href":"https:\/\/mlekaranana.rs\/sk\/wp-json\/wp\/v2\/pages\/484","targetHints":{"allow":["GET"]}}],"collection":[{"href":"https:\/\/mlekaranana.rs\/sk\/wp-json\/wp\/v2\/pages"}],"about":[{"href":"https:\/\/mlekaranana.rs\/sk\/wp-json\/wp\/v2\/types\/page"}],"author":[{"embeddable":true,"href":"https:\/\/mlekaranana.rs\/sk\/wp-json\/wp\/v2\/users\/1"}],"replies":[{"embeddable":true,"href":"https:\/\/mlekaranana.rs\/sk\/wp-json\/wp\/v2\/comments?post=484"}],"version-history":[{"count":3,"href":"https:\/\/mlekaranana.rs\/sk\/wp-json\/wp\/v2\/pages\/484\/revisions"}],"predecessor-version":[{"id":583,"href":"https:\/\/mlekaranana.rs\/sk\/wp-json\/wp\/v2\/pages\/484\/revisions\/583"}],"wp:attachment":[{"href":"https:\/\/mlekaranana.rs\/sk\/wp-json\/wp\/v2\/media?parent=484"}],"curies":[{"name":"wp","href":"https:\/\/api.w.org\/{rel}","templated":true}]}}