{"id":478,"date":"2023-07-27T11:13:08","date_gmt":"2023-07-27T11:13:08","guid":{"rendered":"http:\/\/mlekaranana.rs\/kajmak\/"},"modified":"2026-01-19T08:30:17","modified_gmt":"2026-01-19T08:30:17","slug":"kajmak","status":"publish","type":"page","link":"https:\/\/mlekaranana.rs\/sk\/kajmak\/","title":{"rendered":"Kajmak"},"content":{"rendered":"<p>[vc_row full_width=&#8220;stretch_row_content_no_spaces&#8220;][vc_column][vc_column_text]<img loading=\"lazy\" decoding=\"async\" class=\"aligncenter wp-image-110 size-full\" src=\"http:\/\/mlekaranana.rs\/wp-content\/uploads\/2023\/07\/kajmak-1.jpg\" alt=\"\" width=\"1920\" height=\"800\" srcset=\"https:\/\/mlekaranana.rs\/wp-content\/uploads\/2023\/07\/kajmak-1.jpg 1920w, https:\/\/mlekaranana.rs\/wp-content\/uploads\/2023\/07\/kajmak-1-300x125.jpg 300w, https:\/\/mlekaranana.rs\/wp-content\/uploads\/2023\/07\/kajmak-1-1024x427.jpg 1024w, https:\/\/mlekaranana.rs\/wp-content\/uploads\/2023\/07\/kajmak-1-768x320.jpg 768w, https:\/\/mlekaranana.rs\/wp-content\/uploads\/2023\/07\/kajmak-1-1536x640.jpg 1536w\" sizes=\"auto, (max-width: 1920px) 100vw, 1920px\" \/>[\/vc_column_text][\/vc_column][\/vc_row][vc_row full_width=&#8220;stretch_row&#8220; bg_type=&#8220;image&#8220; parallax_style=&#8220;vcpb-default&#8220; bg_image_new=&#8220;id^118|url^http:\/\/mlekaranana.rs\/wp-content\/uploads\/2023\/07\/poyadina-7.jpg|caption^null|alt^null|title^poyadina|description^null&#8220; bg_image_repeat=&#8220;no-repeat&#8220;][vc_column offset=&#8220;vc_hidden-sm vc_hidden-xs&#8220;][vc_column_text]<\/p>\n<h1>Kajmak<\/h1>\n<p>[\/vc_column_text][vc_column_text css=&#8220;.vc_custom_1768811409572{padding-top: 20px !important;padding-bottom: 20px !important;}&#8220;]Kajmak je vysokokalorick\u00fd v\u00fdrobok z\u00edskavan\u00fd z mlieka. Jeho charakteristick\u00fd sp\u00f4sob v\u00fdroby spo\u010d\u00edva v odoberan\u00ed smotanovej vrstvy z povrchu chladen\u00e9ho mlieka. Vyr\u00e1ba sa v dvoch druhoch, mlad\u00fd a vyzret\u00fd.<br \/>\nKajmak m\u00e1 vysok\u00fa v\u00fd\u017eivov\u00fa hodnotu. V 100 gramoch kajmaku sa nach\u00e1dza 481 kcal. Obsah bielkov\u00edn je 4,6 g, sacharidov 3,2 g, pri\u010dom ich hlavn\u00fa \u010das\u0165 tvor\u00ed mlie\u010dny cukor. Tuky tvoria v\u00fdznamn\u00fa zlo\u017eku v\u00fdrobku, pribli\u017ene 50 g na 100 g, preva\u017ene vo forme nas\u00fdten\u00fdch mastn\u00fdch kysel\u00edn.<\/p>\n<p>&nbsp;<\/p>\n<p style=\"font-size: 22px;\"><img loading=\"lazy\" decoding=\"async\" class=\"alignright wp-image-130\" src=\"http:\/\/mlekaranana.rs\/wp-content\/uploads\/2023\/07\/kajmak-2-200x300.jpg\" alt=\"\" width=\"300\" height=\"450\" srcset=\"https:\/\/mlekaranana.rs\/wp-content\/uploads\/2023\/07\/kajmak-2-200x300.jpg 200w, https:\/\/mlekaranana.rs\/wp-content\/uploads\/2023\/07\/kajmak-2.jpg 400w\" sizes=\"auto, (max-width: 300px) 100vw, 300px\" \/>Kajmak je zn\u00e1my svojimi v\u00fd\u017eivn\u00fdmi vlastnos\u0165ami. Bielkoviny v kajmaku, najm\u00e4 kaze\u00edn, patria medzi vysokokvalitn\u00e9 bielkoviny a podporuj\u00fa synt\u00e9zu bielkov\u00edn aj obnovu svalov. Kajmak z\u00e1rove\u0148 poskytuje pocit s\u00fdtosti a m\u00f4\u017ee by\u0165 s\u00fa\u010das\u0165ou vyv\u00e1\u017eenej a zdravej stravy.<\/p>\n<p>&nbsp;<\/p>\n<p>Hoci je kajmak vysokokalorick\u00fd v\u00fdrobok, viacer\u00e9 \u0161t\u00fadie nazna\u010duj\u00fa, \u017ee nas\u00fdten\u00e9 mastn\u00e9 kyseliny obsiahnut\u00e9 v kajmaku nemaj\u00fa priamy negat\u00edvny vplyv na zdravie ciev. Vysok\u00fd obsah kaze\u00ednu m\u00f4\u017ee by\u0165 prospe\u0161n\u00fd aj pre zdravie svalov, preto\u017ee prispieva k udr\u017eiavaniu svalovej hmoty.<br \/>\nV mliekarenskej farme Nana z Kulpina sa venujeme v\u00fdrobe kajmaku najvy\u0161\u0161ej kvality, ktor\u00fd sp\u00e1ja autentick\u00fa chu\u0165 a vysok\u00fa v\u00fd\u017eivov\u00fa hodnotu. N\u00e1\u0161 kajmak sa vyr\u00e1ba pod\u013ea starostlivo nastaven\u00e9ho procesu, aby sme v\u00e1m pon\u00fakli produkt s bohatou chu\u0165ou, ktor\u00fd je z\u00e1rove\u0148 prospe\u0161n\u00fd pre va\u0161e zdravie.<\/p>\n<p>&nbsp;<\/p>\n<p style=\"font-size: 22px;\">Vychutnajte si kajmak a objavte \u010daro jedn\u00e9ho z najob\u013e\u00fabenej\u0161\u00edch tradi\u010dn\u00fdch produktov Srbska.<\/p>\n<p><span style=\"font-weight: 400;\">Okrem kajmaku v na\u0161om sortimente n\u00e1jdete <a href=\"http:\/\/mlekaranana.rs\/sk\/mileram\/\" target=\"_blank\" rel=\"noopener\">mileram<\/a>, <a href=\"http:\/\/mlekaranana.rs\/sk\/kysle-mlieko\/\" target=\"_blank\" rel=\"noopener\">kysl\u00e9 mlieko<\/a>, <a href=\"http:\/\/mlekaranana.rs\/sk\/platok-syra\/\" target=\"_blank\" rel=\"noopener\">pl\u00e1tky syra<\/a> a <a href=\"http:\/\/mlekaranana.rs\/sk\/jogurt\/\" target=\"_blank\" rel=\"noopener\">jogurt<\/a>.<br \/>\n<\/span>[\/vc_column_text][\/vc_column][\/vc_row][vc_row full_width=&#8220;stretch_row&#8220; bg_type=&#8220;image&#8220; parallax_style=&#8220;vcpb-default&#8220; bg_image_new=&#8220;id^118|url^http:\/\/mlekaranana.rs\/wp-content\/uploads\/2023\/07\/poyadina-7.jpg|caption^null|alt^null|title^poyadina|description^null&#8220; bg_image_repeat=&#8220;no-repeat&#8220;][vc_column offset=&#8220;vc_hidden-lg vc_hidden-md&#8220;][vc_column_text]<\/p>\n<h1>Kajmak<\/h1>\n<p>[\/vc_column_text][vc_column_text css=&#8220;.vc_custom_1768811414694{padding-top: 20px !important;padding-bottom: 20px !important;}&#8220;]Kajmak je vysokokalorick\u00fd v\u00fdrobok z\u00edskavan\u00fd z mlieka. Jeho charakteristick\u00fd sp\u00f4sob v\u00fdroby spo\u010d\u00edva v odoberan\u00ed smotanovej vrstvy z povrchu chladen\u00e9ho mlieka. Vyr\u00e1ba sa v dvoch druhoch, mlad\u00fd a vyzret\u00fd.<br \/>\nKajmak m\u00e1 vysok\u00fa v\u00fd\u017eivov\u00fa hodnotu. V 100 gramoch kajmaku sa nach\u00e1dza 481 kcal. Obsah bielkov\u00edn je 4,6 g, sacharidov 3,2 g, pri\u010dom ich hlavn\u00fa \u010das\u0165 tvor\u00ed mlie\u010dny cukor. Tuky tvoria v\u00fdznamn\u00fa zlo\u017eku v\u00fdrobku, pribli\u017ene 50 g na 100 g, preva\u017ene vo forme nas\u00fdten\u00fdch mastn\u00fdch kysel\u00edn.<\/p>\n<p>&nbsp;<\/p>\n<p style=\"font-size: 22px;\"><img loading=\"lazy\" decoding=\"async\" class=\"wp-image-130 aligncenter\" src=\"http:\/\/mlekaranana.rs\/wp-content\/uploads\/2023\/07\/kajmak-2-200x300.jpg\" alt=\"\" width=\"300\" height=\"450\" srcset=\"https:\/\/mlekaranana.rs\/wp-content\/uploads\/2023\/07\/kajmak-2-200x300.jpg 200w, https:\/\/mlekaranana.rs\/wp-content\/uploads\/2023\/07\/kajmak-2.jpg 400w\" sizes=\"auto, (max-width: 300px) 100vw, 300px\" \/><\/p>\n<p>&nbsp;<\/p>\n<p style=\"font-size: 22px;\">Hoci je kajmak vysokokalorick\u00fd v\u00fdrobok, viacer\u00e9 \u0161t\u00fadie nazna\u010duj\u00fa, \u017ee nas\u00fdten\u00e9 mastn\u00e9 kyseliny obsiahnut\u00e9 v kajmaku nemaj\u00fa priamy negat\u00edvny vplyv na zdravie ciev. Vysok\u00fd obsah kaze\u00ednu m\u00f4\u017ee by\u0165 prospe\u0161n\u00fd aj pre zdravie svalov, preto\u017ee prispieva k udr\u017eiavaniu svalovej hmoty.<br \/>\nV mliekarenskej farme \u201eNana\u201c z Kulpina sa venujeme v\u00fdrobe kajmaku najvy\u0161\u0161ej kvality, ktor\u00fd sp\u00e1ja autentick\u00fa chu\u0165 a vysok\u00fa v\u00fd\u017eivov\u00fa hodnotu. N\u00e1\u0161 kajmak sa vyr\u00e1ba pod\u013ea starostlivo nastaven\u00e9ho procesu, aby sme v\u00e1m pon\u00fakli produkt s bohatou chu\u0165ou, ktor\u00fd je z\u00e1rove\u0148 prospe\u0161n\u00fd pre va\u0161e zdravie.<\/p>\n<p>Hoci je kajmak vysokokalorick\u00fd v\u00fdrobok, viacer\u00e9 \u0161t\u00fadie nazna\u010duj\u00fa, \u017ee nas\u00fdten\u00e9 mastn\u00e9 kyseliny obsiahnut\u00e9 v kajmaku nemaj\u00fa priamy negat\u00edvny vplyv na zdravie ciev. Vysok\u00fd obsah kaze\u00ednu m\u00f4\u017ee by\u0165 prospe\u0161n\u00fd aj pre zdravie svalov, preto\u017ee prispieva k udr\u017eiavaniu svalovej hmoty.<br \/>\nV mliekarenskej farme \u201eNana\u201c z Kulpina sa venujeme v\u00fdrobe kajmaku najvy\u0161\u0161ej kvality, ktor\u00fd sp\u00e1ja autentick\u00fa chu\u0165 a vysok\u00fa v\u00fd\u017eivov\u00fa hodnotu. N\u00e1\u0161 kajmak sa vyr\u00e1ba pod\u013ea starostlivo nastaven\u00e9ho procesu, aby sme v\u00e1m pon\u00fakli produkt s bohatou chu\u0165ou, ktor\u00fd je z\u00e1rove\u0148 prospe\u0161n\u00fd pre va\u0161e zdravie.<\/p>\n<p>&nbsp;<\/p>\n<p style=\"font-size: 22px;\">Vychutnajte si kajmak a objavte \u010daro jedn\u00e9ho z najob\u013e\u00fabenej\u0161\u00edch tradi\u010dn\u00fdch produktov Srbska.<\/p>\n<p><span style=\"font-weight: 400;\">Okrem kajmaku v na\u0161om sortimente n\u00e1jdete <a href=\"http:\/\/mlekaranana.rs\/sk\/mileram\/\" target=\"_blank\" rel=\"noopener\">mileram<\/a>, <a href=\"http:\/\/mlekaranana.rs\/sk\/kysle-mlieko\/\" target=\"_blank\" rel=\"noopener\">kysl\u00e9 mlieko<\/a>, <a href=\"http:\/\/mlekaranana.rs\/sk\/platok-syra\/\" target=\"_blank\" rel=\"noopener\">pl\u00e1tky syra<\/a> a <a href=\"http:\/\/mlekaranana.rs\/sk\/jogurt\/\" target=\"_blank\" rel=\"noopener\">jogurt<\/a>.<\/span>[\/vc_column_text][\/vc_column][\/vc_row]<\/p>\n","protected":false},"excerpt":{"rendered":"<p>[vc_row full_width=&#8220;stretch_row_content_no_spaces&#8220;][vc_column][vc_column_text][\/vc_column_text][\/vc_column][\/vc_row][vc_row full_width=&#8220;stretch_row&#8220; bg_type=&#8220;image&#8220; parallax_style=&#8220;vcpb-default&#8220; bg_image_new=&#8220;id^118|url^http:\/\/mlekaranana.rs\/wp-content\/uploads\/2023\/07\/poyadina-7.jpg|caption^null|alt^null|title^poyadina|description^null&#8220; bg_image_repeat=&#8220;no-repeat&#8220;][vc_column offset=&#8220;vc_hidden-sm vc_hidden-xs&#8220;][vc_column_text] Kajmak [\/vc_column_text][vc_column_text css=&#8220;.vc_custom_1768811409572{padding-top: 20px !important;padding-bottom: 20px !important;}&#8220;]Kajmak je vysokokalorick\u00fd v\u00fdrobok z\u00edskavan\u00fd z mlieka. Jeho charakteristick\u00fd sp\u00f4sob v\u00fdroby spo\u010d\u00edva v odoberan\u00ed smotanovej vrstvy z povrchu chladen\u00e9ho mlieka. Vyr\u00e1ba sa v dvoch druhoch, mlad\u00fd a vyzret\u00fd. Kajmak m\u00e1 vysok\u00fa v\u00fd\u017eivov\u00fa hodnotu. V 100 gramoch kajmaku sa nach\u00e1dza 481&hellip;<\/p>\n","protected":false},"author":1,"featured_media":0,"parent":0,"menu_order":0,"comment_status":"closed","ping_status":"closed","template":"","meta":{"footnotes":""},"class_list":["post-478","page","type-page","status-publish","hentry","description-off"],"_links":{"self":[{"href":"https:\/\/mlekaranana.rs\/sk\/wp-json\/wp\/v2\/pages\/478","targetHints":{"allow":["GET"]}}],"collection":[{"href":"https:\/\/mlekaranana.rs\/sk\/wp-json\/wp\/v2\/pages"}],"about":[{"href":"https:\/\/mlekaranana.rs\/sk\/wp-json\/wp\/v2\/types\/page"}],"author":[{"embeddable":true,"href":"https:\/\/mlekaranana.rs\/sk\/wp-json\/wp\/v2\/users\/1"}],"replies":[{"embeddable":true,"href":"https:\/\/mlekaranana.rs\/sk\/wp-json\/wp\/v2\/comments?post=478"}],"version-history":[{"count":3,"href":"https:\/\/mlekaranana.rs\/sk\/wp-json\/wp\/v2\/pages\/478\/revisions"}],"predecessor-version":[{"id":587,"href":"https:\/\/mlekaranana.rs\/sk\/wp-json\/wp\/v2\/pages\/478\/revisions\/587"}],"wp:attachment":[{"href":"https:\/\/mlekaranana.rs\/sk\/wp-json\/wp\/v2\/media?parent=478"}],"curies":[{"name":"wp","href":"https:\/\/api.w.org\/{rel}","templated":true}]}}